{"id":18007,"date":"2020-10-23T20:51:51","date_gmt":"2020-10-23T18:51:51","guid":{"rendered":"https:\/\/fmc.org.ar\/?page_id=18007"},"modified":"2023-04-06T00:57:38","modified_gmt":"2023-04-05T22:57:38","slug":"transferencias","status":"publish","type":"page","link":"https:\/\/fmc.org.ar\/en\/transferencias\/","title":{"rendered":"TRANSFERENCIAS O DEP\u00d3SITOS"},"content":{"rendered":"[spb_row element_name=&#8221;info bancos&#8221; wrap_type=&#8221;standard-width&#8221; row_bg_type=&#8221;color&#8221; color_row_height=&#8221;content-height&#8221; bg_type=&#8221;cover&#8221; parallax_image_height=&#8221;content-height&#8221; parallax_image_movement=&#8221;fixed&#8221; parallax_image_speed=&#8221;standard&#8221; bg_video_loop=&#8221;yes&#8221; parallax_video_height=&#8221;window-height&#8221; row_top_style=&#8221;none&#8221; row_bottom_style=&#8221;none&#8221; parallax_video_overlay=&#8221;none&#8221; row_overlay_opacity=&#8221;0&#8243; remove_element_spacing=&#8221;no&#8221; row_col_spacing=&#8221;0&#8243; row_col_pos=&#8221;default&#8221; row_col_equal_heights=&#8221;no&#8221; row_expanding=&#8221;no&#8221; row_animation=&#8221;none&#8221; row_animation_delay=&#8221;0&#8243; minimize_row=&#8221;no&#8221; simplified_controls=&#8221;yes&#8221; custom_css_percentage=&#8221;no&#8221; custom_css=&#8221;margin-top: 0px;margin-bottom: 0px;&#8221; border_styling_global=&#8221;default&#8221; width=&#8221;1\/1&#8243; el_position=&#8221;first last&#8221;] [spb_blank_spacer height=&#8221;30px&#8221; width=&#8221;1\/1&#8243; el_position=&#8221;first last&#8221;] [spb_blank_spacer height=&#8221;30px&#8221; width=&#8221;1\/6&#8243; el_position=&#8221;first&#8221;] [spb_icon_box title=&#8221;DONACIONES A TRAV\u00c9S DE TRANSFERENCIAS O DEP\u00d3SITOS&#8221; box_type=&#8221;standard-center&#8221; box_icon_type=&#8221;svg&#8221; svg_icon=&#8221;business-color_pig&#8221; animate_svg=&#8221;no&#8221; target=&#8221;_self&#8221; animation=&#8221;none&#8221; animation_delay=&#8221;0&#8243; animated_box_style=&#8221;coloured&#8221; animated_box_rounded=&#8221;yes&#8221; width=&#8221;2\/3&#8243;]\n<p style=\"text-align: center;\">Help us! Be part of the Donor Campaign of the Mar\u00eda Cecilia Foundation to Help the Child Oncology.<\/p>\n<p>Your contribution, along with that of many other people, allows us to continue providing Medical Treatment to low-income children with cancer, psychological support and social help to them and their family, throughout their treatment. <strong>We receive more than 5000 inquiries annually.<\/strong><\/p>\n<p>FMC patients receive care from our medical team, medicines, breakfasts, supplies such as catheters, needles, patches and everything necessary for a good quality of life, personalized attention from our psycho-oncologist, fun moments in our game room ; We also do walks and festivities\u2026 Therefore, Your help is Very Important<\/p>\n<p>THANK YOU VERY MUCH FOR YOUR COOPERATION!<\/p>\n[\/spb_icon_box] [spb_blank_spacer height=&#8221;30px&#8221; width=&#8221;1\/6&#8243; el_position=&#8221;last&#8221;] [spb_blank_spacer height=&#8221;30px&#8221; width=&#8221;1\/1&#8243; el_position=&#8221;first last&#8221;] [\/spb_row] [spb_row element_name=&#8221;info bancos&#8221; wrap_type=&#8221;standard-width&#8221; row_bg_type=&#8221;color&#8221; color_row_height=&#8221;content-height&#8221; bg_type=&#8221;cover&#8221; parallax_image_height=&#8221;content-height&#8221; parallax_image_movement=&#8221;fixed&#8221; parallax_image_speed=&#8221;standard&#8221; bg_video_loop=&#8221;yes&#8221; parallax_video_height=&#8221;window-height&#8221; row_top_style=&#8221;none&#8221; row_bottom_style=&#8221;none&#8221; parallax_video_overlay=&#8221;none&#8221; row_overlay_opacity=&#8221;0&#8243; remove_element_spacing=&#8221;no&#8221; row_col_spacing=&#8221;0&#8243; row_col_pos=&#8221;default&#8221; row_col_equal_heights=&#8221;no&#8221; row_expanding=&#8221;no&#8221; row_animation=&#8221;none&#8221; row_animation_delay=&#8221;0&#8243; minimize_row=&#8221;no&#8221; simplified_controls=&#8221;yes&#8221; custom_css_percentage=&#8221;no&#8221; custom_css=&#8221;margin-top: 0px;margin-bottom: 0px;&#8221; border_styling_global=&#8221;default&#8221; width=&#8221;1\/1&#8243; el_position=&#8221;first last&#8221;] [spb_blank_spacer height=&#8221;30px&#8221; width=&#8221;1\/1&#8243; el_position=&#8221;first last&#8221;] [spb_blank_spacer height=&#8221;30px&#8221; width=&#8221;1\/4&#8243; el_position=&#8221;first&#8221;] [spb_icon_box title=&#8221;DEP\u00d3SITOS O TRANSFERENCIAS BANCARIAS&#8221; box_type=&#8221;standard-center&#8221; box_icon_type=&#8221;svg&#8221; svg_icon=&#8221;business-color_pig&#8221; animate_svg=&#8221;no&#8221; target=&#8221;_self&#8221; animation=&#8221;none&#8221; animation_delay=&#8221;0&#8243; animated_box_style=&#8221;coloured&#8221; animated_box_rounded=&#8221;yes&#8221; width=&#8221;1\/2&#8243;]\n<p>Con dinero en efectivo o dep\u00f3sitos\/transferencias bancarias a las cuentas siguientes:<\/p>\n[\/spb_icon_box] [spb_blank_spacer height=&#8221;30px&#8221; width=&#8221;1\/4&#8243; el_position=&#8221;last&#8221;] [spb_text_block animation=&#8221;none&#8221; animation_delay=&#8221;0&#8243; simplified_controls=&#8221;yes&#8221; custom_css_percentage=&#8221;no&#8221; padding_vertical=&#8221;0&#8243; padding_horizontal=&#8221;0&#8243; margin_vertical=&#8221;0&#8243; custom_css=&#8221;margin-top: 0px;margin-bottom: 0px;&#8221; border_size=&#8221;0&#8243; border_styling_global=&#8221;default&#8221; width=&#8221;1\/1&#8243; el_position=&#8221;first last&#8221;]\n<p><img loading=\"lazy\" decoding=\"async\" class=\"alignnone wp-image-16087  lazyloaded\" src=\"https:\/\/fmc.org.ar\/wp-content\/uploads\/2019\/07\/Como_ver_el_resumen_de_la_tarjeta_de_credito_Santander_Rio-e1564050736574.jpg\" alt=\"\" width=\"177\" height=\"45\" data-src=\"https:\/\/fmc.org.ar\/wp-content\/uploads\/2019\/07\/Como_ver_el_resumen_de_la_tarjeta_de_credito_Santander_Rio-e1564050736574.jpg\" \/><img loading=\"lazy\" decoding=\"async\" class=\"alignnone  wp-image-16109 lazyloaded\" src=\"https:\/\/fmc.org.ar\/wp-content\/uploads\/2019\/07\/banco-provincia-logo-e1564082882865-300x70.png\" sizes=\"auto, (max-width: 167px) 100vw, 167px\" srcset=\"https:\/\/fmc.org.ar\/wp-content\/uploads\/2019\/07\/banco-provincia-logo-e1564082882865-300x70.png 300w, https:\/\/fmc.org.ar\/wp-content\/uploads\/2019\/07\/banco-provincia-logo-e1564082882865.png 320w\" alt=\"\" width=\"167\" height=\"39\" data-srcset=\"https:\/\/fmc.org.ar\/wp-content\/uploads\/2019\/07\/banco-provincia-logo-e1564082882865-300x70.png 300w, https:\/\/fmc.org.ar\/wp-content\/uploads\/2019\/07\/banco-provincia-logo-e1564082882865.png 320w\" data-src=\"https:\/\/fmc.org.ar\/wp-content\/uploads\/2019\/07\/banco-provincia-logo-e1564082882865-300x70.png\" data-sizes=\"(max-width: 167px) 100vw, 167px\" \/><\/p>\n<h5>Debido a los problemas de p\u00fablico conocimiento relacionado con la suplantaci\u00f3n de identidad y el robo de informaci\u00f3n, decidimos quitar de la web los datos bancarios. Si quer\u00e9s ayudarnos a trav\u00e9s de donaciones de transferencias bancarias, escribinos a\u00a0<a href=\"mailto:donaciones@fmc.org.ar\" target=\"_blank\" rel=\"noopener\">donaciones@fmc.org.ar<\/a>\u00a0y te responderemos a la brevedad. Gracias por ayudarnos a cuidarnos.<\/h5>\n[\/spb_text_block] [spb_blank_spacer height=&#8221;30px&#8221; width=&#8221;1\/1&#8243; el_position=&#8221;first last&#8221;] [\/spb_row] [spb_row element_name=&#8221;frase con fondo azul&#8221; wrap_type=&#8221;full-width-contained&#8221; row_bg_type=&#8221;color&#8221; row_bg_color=&#8221;#014280&#8243; color_row_height=&#8221;content-height&#8221; bg_type=&#8221;cover&#8221; parallax_image_height=&#8221;content-height&#8221; parallax_image_movement=&#8221;fixed&#8221; parallax_image_speed=&#8221;standard&#8221; bg_video_loop=&#8221;yes&#8221; parallax_video_height=&#8221;window-height&#8221; row_top_style=&#8221;none&#8221; row_bottom_style=&#8221;none&#8221; parallax_video_overlay=&#8221;none&#8221; row_overlay_opacity=&#8221;0&#8243; remove_element_spacing=&#8221;no&#8221; row_col_spacing=&#8221;0&#8243; row_col_pos=&#8221;default&#8221; row_col_equal_heights=&#8221;no&#8221; row_expanding=&#8221;no&#8221; row_animation=&#8221;none&#8221; row_animation_delay=&#8221;0&#8243; minimize_row=&#8221;yes&#8221; simplified_controls=&#8221;yes&#8221; custom_css_percentage=&#8221;no&#8221; custom_css=&#8221;margin-top: 0px;margin-bottom: 0px;&#8221; border_styling_global=&#8221;default&#8221; width=&#8221;1\/1&#8243; el_position=&#8221;first last&#8221;] [spb_blank_spacer height=&#8221;30px&#8221; width=&#8221;1\/1&#8243; el_position=&#8221;first last&#8221;] [spb_blank_spacer height=&#8221;30px&#8221; width=&#8221;1\/6&#8243; el_position=&#8221;first&#8221;] [spb_text_block animation=&#8221;fadeInUp&#8221; animation_delay=&#8221;0&#8243; simplified_controls=&#8221;yes&#8221; custom_css_percentage=&#8221;no&#8221; padding_vertical=&#8221;0&#8243; padding_horizontal=&#8221;0&#8243; margin_vertical=&#8221;0&#8243; custom_css=&#8221;margin-top: 0px;margin-bottom: 0px;&#8221; border_size=&#8221;0&#8243; border_styling_global=&#8221;default&#8221; width=&#8221;3\/4&#8243; el_position=&#8221;last&#8221;]\n<h1 style=\"text-align: center;\"><span style=\"color: #ffffff;\">Working together we can provide hope and improve the quality of life for children who are coping with this disease<\/span><\/h1>\n[\/spb_text_block] [spb_blank_spacer height=&#8221;30px&#8221; width=&#8221;1\/1&#8243; el_position=&#8221;first last&#8221;] [\/spb_row] [spb_row element_name=&#8221;iconos donar&#8221; wrap_type=&#8221;full-width-contained&#8221; row_bg_type=&#8221;color&#8221; row_bg_color=&#8221;#f0f0f0&#8243; color_row_height=&#8221;content-height&#8221; bg_type=&#8221;cover&#8221; parallax_image_height=&#8221;content-height&#8221; parallax_image_movement=&#8221;fixed&#8221; parallax_image_speed=&#8221;standard&#8221; bg_video_loop=&#8221;yes&#8221; parallax_video_height=&#8221;window-height&#8221; row_top_style=&#8221;none&#8221; row_bottom_style=&#8221;none&#8221; parallax_video_overlay=&#8221;none&#8221; row_overlay_opacity=&#8221;0&#8243; remove_element_spacing=&#8221;no&#8221; row_col_spacing=&#8221;0&#8243; row_col_pos=&#8221;default&#8221; row_col_equal_heights=&#8221;no&#8221; row_expanding=&#8221;no&#8221; row_animation=&#8221;none&#8221; row_animation_delay=&#8221;0&#8243; minimize_row=&#8221;no&#8221; simplified_controls=&#8221;yes&#8221; custom_css_percentage=&#8221;no&#8221; custom_css=&#8221;margin-top: 0px;margin-bottom: 0px;&#8221; border_styling_global=&#8221;default&#8221; width=&#8221;1\/1&#8243; el_position=&#8221;first last&#8221;] [spb_section spb_section_id=&#8221;16117&#8243; width=&#8221;1\/1&#8243; el_position=&#8221;first last&#8221;] [\/spb_row] [spb_row element_name=&#8221;Row&#8221; wrap_type=&#8221;standard-width&#8221; row_bg_type=&#8221;color&#8221; row_bg_color=&#8221;#ffffff&#8221; color_row_height=&#8221;content-height&#8221; bg_type=&#8221;cover&#8221; parallax_image_height=&#8221;content-height&#8221; parallax_image_movement=&#8221;fixed&#8221; parallax_image_speed=&#8221;standard&#8221; bg_video_loop=&#8221;yes&#8221; parallax_video_height=&#8221;window-height&#8221; row_top_style=&#8221;none&#8221; row_bottom_style=&#8221;none&#8221; parallax_video_overlay=&#8221;none&#8221; row_overlay_opacity=&#8221;0&#8243; remove_element_spacing=&#8221;no&#8221; row_col_spacing=&#8221;0&#8243; row_col_pos=&#8221;default&#8221; row_col_equal_heights=&#8221;no&#8221; row_expanding=&#8221;no&#8221; row_animation=&#8221;none&#8221; row_animation_delay=&#8221;0&#8243; minimize_row=&#8221;no&#8221; simplified_controls=&#8221;yes&#8221; custom_css_percentage=&#8221;no&#8221; custom_css=&#8221;margin-top: 0px;margin-bottom: 0px;&#8221; border_styling_global=&#8221;default&#8221; width=&#8221;1\/1&#8243; el_position=&#8221;first last&#8221;] [spb_clients item_count=&#8221;20&#8243; item_columns=&#8221;6&#8243; category=&#8221;sponsor2019&#8243; carousel=&#8221;yes&#8221; carousel_autoplay=&#8221;2000&#8243; link_target=&#8221;_self&#8221; pagination=&#8221;no&#8221; width=&#8221;1\/1&#8243; el_position=&#8221;first last&#8221;] [\/spb_row]","protected":false},"excerpt":{"rendered":"<p>[spb_row element_name=&#8221;info bancos&#8221; wrap_type=&#8221;standard-width&#8221; row_bg_type=&#8221;color&#8221; color_row_height=&#8221;content-height&#8221; bg_type=&#8221;cover&#8221; parallax_image_height=&#8221;content-height&#8221; parallax_image_movement=&#8221;fixed&#8221; parallax_image_speed=&#8221;standard&#8221; bg_video_loop=&#8221;yes&#8221; parallax_video_height=&#8221;window-height&#8221; row_top_style=&#8221;none&#8221; row_bottom_style=&#8221;none&#8221; parallax_video_overlay=&#8221;none&#8221; row_overlay_opacity=&#8221;0&#8243; remove_element_spacing=&#8221;no&#8221; row_col_spacing=&#8221;0&#8243; row_col_pos=&#8221;default&#8221; row_col_equal_heights=&#8221;no&#8221; row_expanding=&#8221;no&#8221; row_animation=&#8221;none&#8221; row_animation_delay=&#8221;0&#8243; minimize_row=&#8221;no&#8221; simplified_controls=&#8221;yes&#8221; custom_css_percentage=&#8221;no&#8221; custom_css=&#8221;margin-top: 0px;margin-bottom: 0px;&#8221; border_styling_global=&#8221;default&#8221; width=&#8221;1\/1&#8243; el_position=&#8221;first last&#8221;] [spb_blank_spacer height=&#8221;30px&#8221; width=&#8221;1\/1&#8243; el_position=&#8221;first last&#8221;] [spb_blank_spacer height=&#8221;30px&#8221; width=&#8221;1\/6&#8243; el_position=&#8221;first&#8221;] [spb_icon_box title=&#8221;DONACIONES A TRAV\u00c9S DE TRANSFERENCIAS O DEP\u00d3SITOS&#8221; box_type=&#8221;standard-center&#8221; box_icon_type=&#8221;svg&#8221; svg_icon=&#8221;business-color_pig&#8221; animate_svg=&#8221;no&#8221; target=&#8221;_self&#8221; animation=&#8221;none&#8221; animation_delay=&#8221;0&#8243; animated_box_style=&#8221;coloured&#8221; animated_box_rounded=&#8221;yes&#8221; width=&#8221;2\/3&#8243;] [&hellip;]<\/p>","protected":false},"author":1,"featured_media":0,"parent":0,"menu_order":0,"comment_status":"closed","ping_status":"closed","template":"","meta":{"footnotes":""},"class_list":["post-18007","page","type-page","status-publish","hentry"],"yoast_head":"<!-- This site is optimized with the Yoast SEO plugin v26.4 - https:\/\/yoast.com\/wordpress\/plugins\/seo\/ -->\n<title>TRANSFERENCIAS O DEP\u00d3SITOS - fmc<\/title>\n<meta name=\"robots\" content=\"index, follow, max-snippet:-1, max-image-preview:large, max-video-preview:-1\" \/>\n<link rel=\"canonical\" href=\"https:\/\/fmc.org.ar\/en\/transferencias\/\" \/>\n<meta property=\"og:locale\" content=\"en_US\" \/>\n<meta property=\"og:type\" content=\"article\" \/>\n<meta property=\"og:title\" content=\"TRANSFERENCIAS O DEP\u00d3SITOS - fmc\" \/>\n<meta property=\"og:description\" content=\"[spb_row element_name=&#8221;info bancos&#8221; wrap_type=&#8221;standard-width&#8221; row_bg_type=&#8221;color&#8221; color_row_height=&#8221;content-height&#8221; bg_type=&#8221;cover&#8221; parallax_image_height=&#8221;content-height&#8221; parallax_image_movement=&#8221;fixed&#8221; parallax_image_speed=&#8221;standard&#8221; bg_video_loop=&#8221;yes&#8221; parallax_video_height=&#8221;window-height&#8221; row_top_style=&#8221;none&#8221; row_bottom_style=&#8221;none&#8221; parallax_video_overlay=&#8221;none&#8221; row_overlay_opacity=&#8221;0&#8243; remove_element_spacing=&#8221;no&#8221; row_col_spacing=&#8221;0&#8243; row_col_pos=&#8221;default&#8221; row_col_equal_heights=&#8221;no&#8221; row_expanding=&#8221;no&#8221; row_animation=&#8221;none&#8221; row_animation_delay=&#8221;0&#8243; minimize_row=&#8221;no&#8221; simplified_controls=&#8221;yes&#8221; custom_css_percentage=&#8221;no&#8221; custom_css=&#8221;margin-top: 0px;margin-bottom: 0px;&#8221; border_styling_global=&#8221;default&#8221; width=&#8221;1\/1&#8243; el_position=&#8221;first last&#8221;] [spb_blank_spacer height=&#8221;30px&#8221; width=&#8221;1\/1&#8243; el_position=&#8221;first last&#8221;] [spb_blank_spacer height=&#8221;30px&#8221; width=&#8221;1\/6&#8243; el_position=&#8221;first&#8221;] [spb_icon_box title=&#8221;DONACIONES A TRAV\u00c9S DE TRANSFERENCIAS O DEP\u00d3SITOS&#8221; box_type=&#8221;standard-center&#8221; box_icon_type=&#8221;svg&#8221; svg_icon=&#8221;business-color_pig&#8221; animate_svg=&#8221;no&#8221; target=&#8221;_self&#8221; animation=&#8221;none&#8221; animation_delay=&#8221;0&#8243; animated_box_style=&#8221;coloured&#8221; animated_box_rounded=&#8221;yes&#8221; width=&#8221;2\/3&#8243;] [&hellip;]\" \/>\n<meta property=\"og:url\" content=\"https:\/\/fmc.org.ar\/en\/transferencias\/\" \/>\n<meta property=\"og:site_name\" content=\"fmc\" \/>\n<meta property=\"article:modified_time\" content=\"2023-04-05T22:57:38+00:00\" \/>\n<meta property=\"og:image\" content=\"https:\/\/fmc.org.ar\/wp-content\/uploads\/2019\/07\/Como_ver_el_resumen_de_la_tarjeta_de_credito_Santander_Rio-e1564050736574.jpg\" \/>\n<meta name=\"twitter:card\" content=\"summary_large_image\" \/>\n<meta name=\"twitter:label1\" content=\"Est. reading time\" \/>\n\t<meta name=\"twitter:data1\" content=\"3 minutes\" \/>\n<script type=\"application\/ld+json\" class=\"yoast-schema-graph\">{\"@context\":\"https:\/\/schema.org\",\"@graph\":[{\"@type\":\"WebPage\",\"@id\":\"https:\/\/fmc.org.ar\/transferencias\/\",\"url\":\"https:\/\/fmc.org.ar\/transferencias\/\",\"name\":\"TRANSFERENCIAS O DEP\u00d3SITOS - fmc\",\"isPartOf\":{\"@id\":\"https:\/\/fmc.org.ar\/#website\"},\"primaryImageOfPage\":{\"@id\":\"https:\/\/fmc.org.ar\/transferencias\/#primaryimage\"},\"image\":{\"@id\":\"https:\/\/fmc.org.ar\/transferencias\/#primaryimage\"},\"thumbnailUrl\":\"https:\/\/fmc.org.ar\/wp-content\/uploads\/2019\/07\/Como_ver_el_resumen_de_la_tarjeta_de_credito_Santander_Rio-e1564050736574.jpg\",\"datePublished\":\"2020-10-23T18:51:51+00:00\",\"dateModified\":\"2023-04-05T22:57:38+00:00\",\"breadcrumb\":{\"@id\":\"https:\/\/fmc.org.ar\/transferencias\/#breadcrumb\"},\"inLanguage\":\"en-US\",\"potentialAction\":[{\"@type\":\"ReadAction\",\"target\":[\"https:\/\/fmc.org.ar\/transferencias\/\"]}]},{\"@type\":\"ImageObject\",\"inLanguage\":\"en-US\",\"@id\":\"https:\/\/fmc.org.ar\/transferencias\/#primaryimage\",\"url\":\"https:\/\/fmc.org.ar\/wp-content\/uploads\/2019\/07\/Como_ver_el_resumen_de_la_tarjeta_de_credito_Santander_Rio-e1564050736574.jpg\",\"contentUrl\":\"https:\/\/fmc.org.ar\/wp-content\/uploads\/2019\/07\/Como_ver_el_resumen_de_la_tarjeta_de_credito_Santander_Rio-e1564050736574.jpg\"},{\"@type\":\"BreadcrumbList\",\"@id\":\"https:\/\/fmc.org.ar\/transferencias\/#breadcrumb\",\"itemListElement\":[{\"@type\":\"ListItem\",\"position\":1,\"name\":\"Portada\",\"item\":\"https:\/\/fmc.org.ar\/\"},{\"@type\":\"ListItem\",\"position\":2,\"name\":\"TRANSFERENCIAS O DEP\u00d3SITOS\"}]},{\"@type\":\"WebSite\",\"@id\":\"https:\/\/fmc.org.ar\/#website\",\"url\":\"https:\/\/fmc.org.ar\/\",\"name\":\"fmc\",\"description\":\"Tratamiento Integral del Ni\u00f1o Oncol\u00f3gico\",\"publisher\":{\"@id\":\"https:\/\/fmc.org.ar\/#organization\"},\"potentialAction\":[{\"@type\":\"SearchAction\",\"target\":{\"@type\":\"EntryPoint\",\"urlTemplate\":\"https:\/\/fmc.org.ar\/?s={search_term_string}\"},\"query-input\":{\"@type\":\"PropertyValueSpecification\",\"valueRequired\":true,\"valueName\":\"search_term_string\"}}],\"inLanguage\":\"en-US\"},{\"@type\":\"Organization\",\"@id\":\"https:\/\/fmc.org.ar\/#organization\",\"name\":\"fmc\",\"url\":\"https:\/\/fmc.org.ar\/\",\"logo\":{\"@type\":\"ImageObject\",\"inLanguage\":\"en-US\",\"@id\":\"https:\/\/fmc.org.ar\/#\/schema\/logo\/image\/\",\"url\":\"https:\/\/fmc.org.ar\/wp-content\/uploads\/2019\/08\/cropped-logo-05.png\",\"contentUrl\":\"https:\/\/fmc.org.ar\/wp-content\/uploads\/2019\/08\/cropped-logo-05.png\",\"width\":980,\"height\":980,\"caption\":\"fmc\"},\"image\":{\"@id\":\"https:\/\/fmc.org.ar\/#\/schema\/logo\/image\/\"}}]}<\/script>\n<!-- \/ Yoast SEO plugin. -->","yoast_head_json":{"title":"TRANSFERENCIAS O DEP\u00d3SITOS - fmc","robots":{"index":"index","follow":"follow","max-snippet":"max-snippet:-1","max-image-preview":"max-image-preview:large","max-video-preview":"max-video-preview:-1"},"canonical":"https:\/\/fmc.org.ar\/en\/transferencias\/","og_locale":"en_US","og_type":"article","og_title":"TRANSFERENCIAS O DEP\u00d3SITOS - fmc","og_description":"[spb_row element_name=&#8221;info bancos&#8221; wrap_type=&#8221;standard-width&#8221; row_bg_type=&#8221;color&#8221; color_row_height=&#8221;content-height&#8221; bg_type=&#8221;cover&#8221; parallax_image_height=&#8221;content-height&#8221; parallax_image_movement=&#8221;fixed&#8221; parallax_image_speed=&#8221;standard&#8221; bg_video_loop=&#8221;yes&#8221; parallax_video_height=&#8221;window-height&#8221; row_top_style=&#8221;none&#8221; row_bottom_style=&#8221;none&#8221; parallax_video_overlay=&#8221;none&#8221; row_overlay_opacity=&#8221;0&#8243; remove_element_spacing=&#8221;no&#8221; row_col_spacing=&#8221;0&#8243; row_col_pos=&#8221;default&#8221; row_col_equal_heights=&#8221;no&#8221; row_expanding=&#8221;no&#8221; row_animation=&#8221;none&#8221; row_animation_delay=&#8221;0&#8243; minimize_row=&#8221;no&#8221; simplified_controls=&#8221;yes&#8221; custom_css_percentage=&#8221;no&#8221; custom_css=&#8221;margin-top: 0px;margin-bottom: 0px;&#8221; border_styling_global=&#8221;default&#8221; width=&#8221;1\/1&#8243; el_position=&#8221;first last&#8221;] [spb_blank_spacer height=&#8221;30px&#8221; width=&#8221;1\/1&#8243; el_position=&#8221;first last&#8221;] [spb_blank_spacer height=&#8221;30px&#8221; width=&#8221;1\/6&#8243; el_position=&#8221;first&#8221;] [spb_icon_box title=&#8221;DONACIONES A TRAV\u00c9S DE TRANSFERENCIAS O DEP\u00d3SITOS&#8221; box_type=&#8221;standard-center&#8221; box_icon_type=&#8221;svg&#8221; svg_icon=&#8221;business-color_pig&#8221; animate_svg=&#8221;no&#8221; target=&#8221;_self&#8221; animation=&#8221;none&#8221; animation_delay=&#8221;0&#8243; animated_box_style=&#8221;coloured&#8221; animated_box_rounded=&#8221;yes&#8221; width=&#8221;2\/3&#8243;] [&hellip;]","og_url":"https:\/\/fmc.org.ar\/en\/transferencias\/","og_site_name":"fmc","article_modified_time":"2023-04-05T22:57:38+00:00","og_image":[{"url":"https:\/\/fmc.org.ar\/wp-content\/uploads\/2019\/07\/Como_ver_el_resumen_de_la_tarjeta_de_credito_Santander_Rio-e1564050736574.jpg","type":"","width":"","height":""}],"twitter_card":"summary_large_image","twitter_misc":{"Est. reading time":"3 minutes"},"schema":{"@context":"https:\/\/schema.org","@graph":[{"@type":"WebPage","@id":"https:\/\/fmc.org.ar\/transferencias\/","url":"https:\/\/fmc.org.ar\/transferencias\/","name":"TRANSFERENCIAS O DEP\u00d3SITOS - fmc","isPartOf":{"@id":"https:\/\/fmc.org.ar\/#website"},"primaryImageOfPage":{"@id":"https:\/\/fmc.org.ar\/transferencias\/#primaryimage"},"image":{"@id":"https:\/\/fmc.org.ar\/transferencias\/#primaryimage"},"thumbnailUrl":"https:\/\/fmc.org.ar\/wp-content\/uploads\/2019\/07\/Como_ver_el_resumen_de_la_tarjeta_de_credito_Santander_Rio-e1564050736574.jpg","datePublished":"2020-10-23T18:51:51+00:00","dateModified":"2023-04-05T22:57:38+00:00","breadcrumb":{"@id":"https:\/\/fmc.org.ar\/transferencias\/#breadcrumb"},"inLanguage":"en-US","potentialAction":[{"@type":"ReadAction","target":["https:\/\/fmc.org.ar\/transferencias\/"]}]},{"@type":"ImageObject","inLanguage":"en-US","@id":"https:\/\/fmc.org.ar\/transferencias\/#primaryimage","url":"https:\/\/fmc.org.ar\/wp-content\/uploads\/2019\/07\/Como_ver_el_resumen_de_la_tarjeta_de_credito_Santander_Rio-e1564050736574.jpg","contentUrl":"https:\/\/fmc.org.ar\/wp-content\/uploads\/2019\/07\/Como_ver_el_resumen_de_la_tarjeta_de_credito_Santander_Rio-e1564050736574.jpg"},{"@type":"BreadcrumbList","@id":"https:\/\/fmc.org.ar\/transferencias\/#breadcrumb","itemListElement":[{"@type":"ListItem","position":1,"name":"Portada","item":"https:\/\/fmc.org.ar\/"},{"@type":"ListItem","position":2,"name":"TRANSFERENCIAS O DEP\u00d3SITOS"}]},{"@type":"WebSite","@id":"https:\/\/fmc.org.ar\/#website","url":"https:\/\/fmc.org.ar\/","name":"fmc","description":"Comprehensive Treatment of Childhood Oncology","publisher":{"@id":"https:\/\/fmc.org.ar\/#organization"},"potentialAction":[{"@type":"SearchAction","target":{"@type":"EntryPoint","urlTemplate":"https:\/\/fmc.org.ar\/?s={search_term_string}"},"query-input":{"@type":"PropertyValueSpecification","valueRequired":true,"valueName":"search_term_string"}}],"inLanguage":"en-US"},{"@type":"Organization","@id":"https:\/\/fmc.org.ar\/#organization","name":"fmc","url":"https:\/\/fmc.org.ar\/","logo":{"@type":"ImageObject","inLanguage":"en-US","@id":"https:\/\/fmc.org.ar\/#\/schema\/logo\/image\/","url":"https:\/\/fmc.org.ar\/wp-content\/uploads\/2019\/08\/cropped-logo-05.png","contentUrl":"https:\/\/fmc.org.ar\/wp-content\/uploads\/2019\/08\/cropped-logo-05.png","width":980,"height":980,"caption":"fmc"},"image":{"@id":"https:\/\/fmc.org.ar\/#\/schema\/logo\/image\/"}}]}},"_links":{"self":[{"href":"https:\/\/fmc.org.ar\/en\/wp-json\/wp\/v2\/pages\/18007","targetHints":{"allow":["GET"]}}],"collection":[{"href":"https:\/\/fmc.org.ar\/en\/wp-json\/wp\/v2\/pages"}],"about":[{"href":"https:\/\/fmc.org.ar\/en\/wp-json\/wp\/v2\/types\/page"}],"author":[{"embeddable":true,"href":"https:\/\/fmc.org.ar\/en\/wp-json\/wp\/v2\/users\/1"}],"replies":[{"embeddable":true,"href":"https:\/\/fmc.org.ar\/en\/wp-json\/wp\/v2\/comments?post=18007"}],"version-history":[{"count":3,"href":"https:\/\/fmc.org.ar\/en\/wp-json\/wp\/v2\/pages\/18007\/revisions"}],"predecessor-version":[{"id":18865,"href":"https:\/\/fmc.org.ar\/en\/wp-json\/wp\/v2\/pages\/18007\/revisions\/18865"}],"wp:attachment":[{"href":"https:\/\/fmc.org.ar\/en\/wp-json\/wp\/v2\/media?parent=18007"}],"curies":[{"name":"wp","href":"https:\/\/api.w.org\/{rel}","templated":true}]}}