{"id":16131,"date":"2019-07-26T13:14:47","date_gmt":"2019-07-26T11:14:47","guid":{"rendered":"http:\/\/fmc.wwwsrc5.supercp.com\/?page_id=16131"},"modified":"2023-12-30T13:54:52","modified_gmt":"2023-12-30T12:54:52","slug":"donar-especies","status":"publish","type":"page","link":"https:\/\/fmc.org.ar\/en\/donar-especies\/","title":{"rendered":"DONATE SPECIES"},"content":{"rendered":"[spb_gmaps size=&#8221;300&#8243; type=&#8221;roadmap&#8221; zoom=&#8221;18&#8243; map_controls=&#8221;yes&#8221; advanced_styling=&#8221;yes&#8221; color=&#8221;#2e3191&#8243; saturation=&#8221;mono-light&#8221; fullscreen=&#8221;yes&#8221; width=&#8221;1\/1&#8243; el_position=&#8221;first last&#8221;] [spb_map_pin pin_title=&#8221;LA CASITA &#8211; DONACIONES&#8221; address=&#8221;Diego Palma 602, B1642FJN San Isidro, Buenos Aires, Argentina&#8221; pin_latitude=&#8221;-34.4746094&#8243; pin_longitude=&#8221;-58.5263361&#8243; pin_image=&#8221;16714&#8243; pin_link=&#8221;https:\/\/maps.app.goo.gl\/6LXir8YHDAMyeXpJ7&#8243; pin_button_text=&#8221;DONACIONES&#8221; width=&#8221;1\/1&#8243; el_position=&#8221;first last&#8221;]<\/p>\n<p>Diego Palma 602, B1642 FJN, Provincia de Buenos Aires<\/p>\n<p>[\/spb_map_pin] [\/spb_gmaps] [spb_blank_spacer height=&#8221;30px&#8221; width=&#8221;1\/1&#8243; el_position=&#8221;first last&#8221;] [spb_row element_name=&#8221;Row&#8221; wrap_type=&#8221;full-width-contained&#8221; row_bg_type=&#8221;color&#8221; color_row_height=&#8221;content-height&#8221; bg_type=&#8221;cover&#8221; parallax_image_height=&#8221;content-height&#8221; parallax_image_movement=&#8221;scroll&#8221; parallax_image_speed=&#8221;slow&#8221; bg_video_loop=&#8221;yes&#8221; parallax_video_height=&#8221;window-height&#8221; row_top_style=&#8221;none&#8221; row_bottom_style=&#8221;none&#8221; parallax_video_overlay=&#8221;none&#8221; row_overlay_opacity=&#8221;0&#8243; remove_element_spacing=&#8221;no&#8221; row_col_spacing=&#8221;0&#8243; row_col_pos=&#8221;default&#8221; row_col_equal_heights=&#8221;no&#8221; row_expanding=&#8221;no&#8221; row_animation=&#8221;none&#8221; row_animation_delay=&#8221;0&#8243; minimize_row=&#8221;no&#8221; simplified_controls=&#8221;yes&#8221; custom_css_percentage=&#8221;no&#8221; custom_css=&#8221;margin-top: 0px;margin-bottom: 0px;&#8221; border_styling_global=&#8221;default&#8221; width=&#8221;1\/1&#8243; el_position=&#8221;first last&#8221;] [spb_blank_spacer height=&#8221;30px&#8221; width=&#8221;1\/6&#8243; el_position=&#8221;first&#8221;] [spb_icon_box element_name=&#8221;DONACIONES &#8211; COLABORACI\u00d3N CON ESPECIES&#8221; title=&#8221;DONACIONES &#8211; COLABORACI\u00d3N CON ESPECIES&#8221; box_type=&#8221;standard-center&#8221; box_icon_type=&#8221;svg&#8221; svg_icon=&#8221;holidays-color_gift-exchange&#8221; animate_svg=&#8221;yes&#8221; target=&#8221;_self&#8221; animation=&#8221;none&#8221; animation_delay=&#8221;0&#8243; animated_box_style=&#8221;coloured&#8221; animated_box_rounded=&#8221;yes&#8221; width=&#8221;2\/3&#8243;]\n<h2 style=\"text-align: center;\"><strong>D\u00edas y horarios para recibir donaciones <\/strong><strong><br \/>\nLUNES a VIERNES de 9 a 15 hs<\/strong><\/h2>\n<p style=\"text-align: center;\">Todas las donaciones de empresas y colaboradores las recibimos en nuestra feria \u201cLa Casita\u201d en: Diego Palma 602, San Isidro.<\/p>\n<p style=\"text-align: center;\">Contacto por Correo: <a href=\"mailto:donaciones@fmc.org.ar\">donaciones@fmc.org.ar<\/a><\/p>\n<p style=\"text-align: center;\">Por otras consultas sobre donaciones comunicate o escribinos por Whatsapp al:<\/p>\n<p style=\"text-align: center;\">(+5411) 2182-3178<\/p>\n<p><strong>Solicitamos que las donaciones lleguen en bolsas pl\u00e1sticas cerradas y sanitizadas para respetar el protocolo sanitario.<\/strong><\/p>\n[\/spb_icon_box] [spb_blank_spacer height=&#8221;30px&#8221; width=&#8221;1\/6&#8243; el_position=&#8221;last&#8221;] [spb_blank_spacer height=&#8221;30px&#8221; width=&#8221;1\/1&#8243; el_position=&#8221;first last&#8221;] [\/spb_row] [spb_row element_name=&#8221;Row&#8221; wrap_type=&#8221;full-width-contained&#8221; row_bg_type=&#8221;color&#8221; color_row_height=&#8221;content-height&#8221; bg_type=&#8221;cover&#8221; parallax_image_height=&#8221;content-height&#8221; parallax_image_movement=&#8221;scroll&#8221; parallax_image_speed=&#8221;slow&#8221; bg_video_loop=&#8221;yes&#8221; parallax_video_height=&#8221;window-height&#8221; row_top_style=&#8221;none&#8221; row_bottom_style=&#8221;none&#8221; parallax_video_overlay=&#8221;none&#8221; row_overlay_opacity=&#8221;0&#8243; remove_element_spacing=&#8221;no&#8221; row_col_spacing=&#8221;0&#8243; row_col_pos=&#8221;default&#8221; row_col_equal_heights=&#8221;no&#8221; row_expanding=&#8221;no&#8221; row_animation=&#8221;none&#8221; row_animation_delay=&#8221;0&#8243; minimize_row=&#8221;no&#8221; simplified_controls=&#8221;yes&#8221; custom_css_percentage=&#8221;no&#8221; custom_css=&#8221;margin-top: 0px;margin-bottom: 0px;&#8221; border_styling_global=&#8221;default&#8221; width=&#8221;1\/1&#8243; el_position=&#8221;first last&#8221;] [spb_icon_box element_name=&#8221;MEDICAMENTOS&#8221; title=&#8221;MEDICAMENTOS&#8221; box_type=&#8221;standard-center&#8221; box_icon_type=&#8221;svg&#8221; svg_icon=&#8221;ui-color-2_lab&#8221; animate_svg=&#8221;yes&#8221; target=&#8221;_self&#8221; animation=&#8221;none&#8221; animation_delay=&#8221;0&#8243; bg_color=&#8221;#ffffff&#8221; animated_box_style=&#8221;coloured&#8221; animated_box_rounded=&#8221;yes&#8221; width=&#8221;1\/3&#8243; el_position=&#8221;first&#8221;]\n<div class=\"zonainteriorind\">\n<p style=\"text-align: center;\">Medicamentos que se encuentren dentro de su fecha de vencimiento y en buen estado de conservaci\u00f3n.<\/p>\n<div style=\"text-align: center;\"><em>Medicaci\u00f3n No Oncol\u00f3gica:<\/em><\/div>\n<div style=\"text-align: center;\">Bactrim<\/div>\n<div style=\"text-align: center;\">Meprednisona<\/div>\n<div style=\"text-align: center;\">Dexametasona<\/div>\n<div style=\"text-align: center;\">Ibuprofeno<\/div>\n<div><\/div>\n<\/div>\n<div class=\"piecontenidoind\"><\/div>\n[\/spb_icon_box] [spb_icon_box element_name=&#8221;DESAYUNO EN HOSPITAL&#8221; title=&#8221;DESAYUNO EN HOSPITAL&#8221; box_type=&#8221;standard-center&#8221; box_icon_type=&#8221;svg&#8221; svg_icon=&#8221;food-color_mug&#8221; animate_svg=&#8221;yes&#8221; target=&#8221;_self&#8221; animation=&#8221;none&#8221; animation_delay=&#8221;0&#8243; animated_box_style=&#8221;coloured&#8221; animated_box_rounded=&#8221;yes&#8221; width=&#8221;1\/3&#8243;]\n<div class=\"zonainteriorind\">\n<p style=\"text-align: center;\">Les damos el desayuno a los chicos y su familia una vez que terminan de sacarse sangre. Por lo que necesitamos: Leches larga vida, polvo de chocolate, az\u00facar, caf\u00e9, galletitas, barritas de cereal, etc.<\/p>\n<\/div>\n<div class=\"piecontenidoind\"><\/div>\n[\/spb_icon_box] [spb_icon_box element_name=&#8221;ALIMENTOS NO PERECEDEROS&#8221; title=&#8221;ALIMENTOS NO PERECEDEROS&#8221; box_type=&#8221;standard-center&#8221; box_icon_type=&#8221;svg&#8221; svg_icon=&#8221;food-color_cutlery-77&#8243; animate_svg=&#8221;yes&#8221; target=&#8221;_self&#8221; animation=&#8221;none&#8221; animation_delay=&#8221;0&#8243; animated_box_style=&#8221;coloured&#8221; animated_box_rounded=&#8221;yes&#8221; width=&#8221;1\/3&#8243; el_position=&#8221;last&#8221;]\n<div class=\"zonainteriorind\">\n<div id=\"basico\" class=\"\" style=\"text-align: center;\">\n<div class=\"zonainteriorind\">\n<p>Contar con una buena nutrici\u00f3n es muy importante para todos los ni\u00f1os, pero para los que deben pasar por un tratamiento tan invasivo como es el oncol\u00f3gico, lo es a\u00fan m\u00e1s. Por eso, entregamos bolsones de alimentos a las familias que se encuentran en tratamiento.<\/p>\n<\/div>\n<div class=\"piecontenidoind\"><\/div>\n<\/div>\n<div id=\"cajaconborde\" class=\"\">\n<div class=\"cabcontenidoind\"><\/div>\n<div class=\"zonainteriorind\"><\/div>\n<\/div>\n<\/div>\n<div class=\"piecontenidoind\"><\/div>\n[\/spb_icon_box] [spb_icon_box element_name=&#8221;OBJETOS VARIOS&#8221; title=&#8221;OBJETOS VARIOS&#8221; box_type=&#8221;standard-center&#8221; box_icon_type=&#8221;svg&#8221; svg_icon=&#8221;media-color-2_guitar&#8221; animate_svg=&#8221;yes&#8221; target=&#8221;_self&#8221; animation=&#8221;none&#8221; animation_delay=&#8221;0&#8243; animated_box_style=&#8221;coloured&#8221; animated_box_rounded=&#8221;yes&#8221; width=&#8221;1\/3&#8243; el_position=&#8221;first&#8221;]\n<div class=\"zonainteriorind\">\n<div id=\"basico\" class=\"\" style=\"text-align: center;\">\n<div class=\"zonainteriorind\">\n<p>Ropa, calzado, muebles, libros, adornos, instrumentos musicales, electrodom\u00e9sticos en buen estado.<br \/>\nA trav\u00e9s de bonos contribuci\u00f3n, nuestra feria solidaria nos permite recaudar fondos para mantener parte del servicio m\u00e9dico. Adem\u00e1s, las familias tienen acceso a estas donaciones de acuerdo a sus necesidades.<\/p>\n<\/div>\n<div class=\"piecontenidoind\"><\/div>\n<\/div>\n<div id=\"cajaconborde\" class=\"\">\n<div class=\"cabcontenidoind\"><\/div>\n<div class=\"zonainteriorind\"><\/div>\n<\/div>\n<\/div>\n<div class=\"piecontenidoind\"><\/div>\n[\/spb_icon_box] [spb_icon_box element_name=&#8221;JUGUETES&#8221; title=&#8221;JUGUETES&#8221; box_type=&#8221;standard-center&#8221; box_icon_type=&#8221;svg&#8221; svg_icon=&#8221;holidays-color_gift&#8221; animate_svg=&#8221;yes&#8221; target=&#8221;_self&#8221; animation=&#8221;none&#8221; animation_delay=&#8221;0&#8243; animated_box_style=&#8221;coloured&#8221; animated_box_rounded=&#8221;yes&#8221; width=&#8221;1\/3&#8243;]\n<div class=\"zonainteriorind\">\n<div id=\"basico\" class=\"\" style=\"text-align: center;\">\n<div class=\"zonainteriorind\">\n<p>Juguetes nuevos (para entregar en el d\u00eda del ni\u00f1o, Navidad, Reyes, cumplea\u00f1os). Celebramos cada a\u00f1o el D\u00eda Internacional del cancer Infantil (DICI) y en las mismas tambi\u00e9n precisamos donaciones especiales.<\/p>\n<\/div>\n<div class=\"piecontenidoind\"><\/div>\n<\/div>\n<div id=\"cajaconborde\" class=\"\">\n<div class=\"cabcontenidoind\"><\/div>\n<div class=\"zonainteriorind\"><\/div>\n<\/div>\n<\/div>\n<div class=\"piecontenidoind\"><\/div>\n[\/spb_icon_box] [spb_icon_box element_name=&#8221;ART\u00cdCULOS DE LIMPIEZA&#8221; title=&#8221;ART\u00cdCULOS DE LIMPIEZA&#8221; box_type=&#8221;standard-center&#8221; box_icon_type=&#8221;svg&#8221; svg_icon=&#8221;ui-color-1_check&#8221; animate_svg=&#8221;yes&#8221; target=&#8221;_self&#8221; animation=&#8221;none&#8221; animation_delay=&#8221;0&#8243; animated_box_style=&#8221;coloured&#8221; animated_box_rounded=&#8221;yes&#8221; width=&#8221;1\/3&#8243; el_position=&#8221;last&#8221;]\n<div class=\"zonainteriorind\">\n<div id=\"basico\" class=\"\" style=\"text-align: center;\">\n<div class=\"zonainteriorind\">\n<div id=\"basico\" class=\"\" style=\"text-align: center;\">\n<div class=\"zonainteriorind\">\n<p>Durante un tratamiento oncol\u00f3gico, es indispensable la limpieza y desinfecci\u00f3n de ambientes, y la higiene personal. Es por eso que les entregamos bolsones de art\u00edculos de limpieza para llevar a sus hogares, y kits de higiene durante sus internaciones.<\/p>\n<\/div>\n<div class=\"piecontenidoind\"><\/div>\n<\/div>\n<div id=\"cajaconborde\" class=\"\">\n<div class=\"cabcontenidoind\"><\/div>\n<div class=\"zonainteriorind\"><\/div>\n<\/div>\n<\/div>\n<div class=\"piecontenidoind\"><\/div>\n<\/div>\n<div id=\"cajaconborde\" class=\"\">\n<div class=\"cabcontenidoind\"><\/div>\n<div class=\"zonainteriorind\"><\/div>\n<\/div>\n<\/div>\n<div class=\"piecontenidoind\"><\/div>\n[\/spb_icon_box] [spb_blank_spacer height=&#8221;30px&#8221; width=&#8221;1\/1&#8243; el_position=&#8221;first last&#8221;] [\/spb_row] [spb_row element_name=&#8221;iconos donar&#8221; wrap_type=&#8221;full-width-contained&#8221; row_bg_type=&#8221;color&#8221; row_bg_color=&#8221;#f0f0f0&#8243; color_row_height=&#8221;content-height&#8221; bg_type=&#8221;cover&#8221; parallax_image_height=&#8221;content-height&#8221; parallax_image_movement=&#8221;fixed&#8221; parallax_image_speed=&#8221;standard&#8221; bg_video_loop=&#8221;yes&#8221; parallax_video_height=&#8221;window-height&#8221; row_top_style=&#8221;none&#8221; row_bottom_style=&#8221;none&#8221; parallax_video_overlay=&#8221;none&#8221; row_overlay_opacity=&#8221;0&#8243; remove_element_spacing=&#8221;no&#8221; row_col_spacing=&#8221;0&#8243; row_col_pos=&#8221;default&#8221; row_col_equal_heights=&#8221;no&#8221; row_expanding=&#8221;no&#8221; row_animation=&#8221;none&#8221; row_animation_delay=&#8221;0&#8243; minimize_row=&#8221;no&#8221; simplified_controls=&#8221;yes&#8221; custom_css_percentage=&#8221;no&#8221; custom_css=&#8221;margin-top: 0px;margin-bottom: 0px;&#8221; border_styling_global=&#8221;default&#8221; width=&#8221;1\/1&#8243; el_position=&#8221;first last&#8221;] [spb_section spb_section_id=&#8221;16117&#8243; width=&#8221;1\/1&#8243; el_position=&#8221;first last&#8221;] [\/spb_row] [spb_row element_name=&#8221;patrocinadores&#8221; wrap_type=&#8221;standard-width&#8221; row_bg_type=&#8221;color&#8221; row_bg_color=&#8221;#ffffff&#8221; color_row_height=&#8221;content-height&#8221; bg_type=&#8221;cover&#8221; parallax_image_height=&#8221;content-height&#8221; parallax_image_movement=&#8221;fixed&#8221; parallax_image_speed=&#8221;standard&#8221; bg_video_loop=&#8221;yes&#8221; parallax_video_height=&#8221;window-height&#8221; row_top_style=&#8221;none&#8221; row_bottom_style=&#8221;none&#8221; parallax_video_overlay=&#8221;none&#8221; row_overlay_opacity=&#8221;0&#8243; remove_element_spacing=&#8221;no&#8221; row_col_spacing=&#8221;0&#8243; row_col_pos=&#8221;default&#8221; row_col_equal_heights=&#8221;no&#8221; row_expanding=&#8221;no&#8221; row_animation=&#8221;none&#8221; row_animation_delay=&#8221;0&#8243; minimize_row=&#8221;no&#8221; simplified_controls=&#8221;yes&#8221; custom_css_percentage=&#8221;no&#8221; custom_css=&#8221;margin-top: 0px;margin-bottom: 0px;&#8221; border_styling_global=&#8221;default&#8221; width=&#8221;1\/1&#8243; el_position=&#8221;first last&#8221;] [spb_section spb_section_id=&#8221;15889&#8243; width=&#8221;1\/1&#8243; el_position=&#8221;first last&#8221;] [\/spb_row]","protected":false},"excerpt":{"rendered":"<p>[spb_gmaps size=&#8221;300&#8243; type=&#8221;roadmap&#8221; zoom=&#8221;18&#8243; map_controls=&#8221;yes&#8221; advanced_styling=&#8221;yes&#8221; color=&#8221;#2e3191&#8243; saturation=&#8221;mono-light&#8221; fullscreen=&#8221;yes&#8221; width=&#8221;1\/1&#8243; el_position=&#8221;first last&#8221;] [spb_map_pin pin_title=&#8221;LA CASITA &#8211; DONACIONES&#8221; address=&#8221;Diego Palma 602, B1642FJN San Isidro, Buenos Aires, Argentina&#8221; pin_latitude=&#8221;-34.4746094&#8243; pin_longitude=&#8221;-58.5263361&#8243; pin_image=&#8221;16714&#8243; pin_link=&#8221;https:\/\/maps.app.goo.gl\/6LXir8YHDAMyeXpJ7&#8243; pin_button_text=&#8221;DONACIONES&#8221; width=&#8221;1\/1&#8243; el_position=&#8221;first last&#8221;] Diego Palma 602, B1642 FJN, Provincia de Buenos Aires [\/spb_map_pin] [\/spb_gmaps] [spb_blank_spacer height=&#8221;30px&#8221; width=&#8221;1\/1&#8243; el_position=&#8221;first last&#8221;] [spb_row element_name=&#8221;Row&#8221; wrap_type=&#8221;full-width-contained&#8221; row_bg_type=&#8221;color&#8221; color_row_height=&#8221;content-height&#8221; bg_type=&#8221;cover&#8221; parallax_image_height=&#8221;content-height&#8221; parallax_image_movement=&#8221;scroll&#8221; parallax_image_speed=&#8221;slow&#8221; bg_video_loop=&#8221;yes&#8221; [&hellip;]<\/p>","protected":false},"author":1,"featured_media":0,"parent":0,"menu_order":0,"comment_status":"closed","ping_status":"closed","template":"","meta":{"footnotes":""},"class_list":["post-16131","page","type-page","status-publish","hentry"],"yoast_head":"<!-- This site is optimized with the Yoast SEO plugin v26.4 - https:\/\/yoast.com\/wordpress\/plugins\/seo\/ -->\n<title>DONAR ESPECIES - fmc<\/title>\n<meta name=\"robots\" content=\"index, follow, max-snippet:-1, max-image-preview:large, max-video-preview:-1\" \/>\n<link rel=\"canonical\" href=\"https:\/\/fmc.org.ar\/en\/donar-especies\/\" \/>\n<meta property=\"og:locale\" content=\"en_US\" \/>\n<meta property=\"og:type\" content=\"article\" \/>\n<meta property=\"og:title\" content=\"DONAR ESPECIES - fmc\" \/>\n<meta property=\"og:description\" content=\"[spb_gmaps size=&#8221;300&#8243; type=&#8221;roadmap&#8221; zoom=&#8221;18&#8243; map_controls=&#8221;yes&#8221; advanced_styling=&#8221;yes&#8221; color=&#8221;#2e3191&#8243; saturation=&#8221;mono-light&#8221; fullscreen=&#8221;yes&#8221; width=&#8221;1\/1&#8243; el_position=&#8221;first last&#8221;] [spb_map_pin pin_title=&#8221;LA CASITA &#8211; DONACIONES&#8221; address=&#8221;Diego Palma 602, B1642FJN San Isidro, Buenos Aires, Argentina&#8221; pin_latitude=&#8221;-34.4746094&#8243; pin_longitude=&#8221;-58.5263361&#8243; pin_image=&#8221;16714&#8243; pin_link=&#8221;https:\/\/maps.app.goo.gl\/6LXir8YHDAMyeXpJ7&#8243; pin_button_text=&#8221;DONACIONES&#8221; width=&#8221;1\/1&#8243; el_position=&#8221;first last&#8221;] Diego Palma 602, B1642 FJN, Provincia de Buenos Aires [\/spb_map_pin] [\/spb_gmaps] [spb_blank_spacer height=&#8221;30px&#8221; width=&#8221;1\/1&#8243; el_position=&#8221;first last&#8221;] [spb_row element_name=&#8221;Row&#8221; wrap_type=&#8221;full-width-contained&#8221; row_bg_type=&#8221;color&#8221; color_row_height=&#8221;content-height&#8221; bg_type=&#8221;cover&#8221; parallax_image_height=&#8221;content-height&#8221; parallax_image_movement=&#8221;scroll&#8221; parallax_image_speed=&#8221;slow&#8221; bg_video_loop=&#8221;yes&#8221; [&hellip;]\" \/>\n<meta property=\"og:url\" content=\"https:\/\/fmc.org.ar\/en\/donar-especies\/\" \/>\n<meta property=\"og:site_name\" content=\"fmc\" \/>\n<meta property=\"article:modified_time\" content=\"2023-12-30T12:54:52+00:00\" \/>\n<meta name=\"twitter:card\" content=\"summary_large_image\" \/>\n<meta name=\"twitter:label1\" content=\"Est. reading time\" \/>\n\t<meta name=\"twitter:data1\" content=\"3 minutes\" \/>\n<script type=\"application\/ld+json\" class=\"yoast-schema-graph\">{\"@context\":\"https:\/\/schema.org\",\"@graph\":[{\"@type\":\"WebPage\",\"@id\":\"https:\/\/fmc.org.ar\/donar-especies\/\",\"url\":\"https:\/\/fmc.org.ar\/donar-especies\/\",\"name\":\"DONAR ESPECIES - fmc\",\"isPartOf\":{\"@id\":\"https:\/\/fmc.org.ar\/#website\"},\"datePublished\":\"2019-07-26T11:14:47+00:00\",\"dateModified\":\"2023-12-30T12:54:52+00:00\",\"breadcrumb\":{\"@id\":\"https:\/\/fmc.org.ar\/donar-especies\/#breadcrumb\"},\"inLanguage\":\"en-US\",\"potentialAction\":[{\"@type\":\"ReadAction\",\"target\":[\"https:\/\/fmc.org.ar\/donar-especies\/\"]}]},{\"@type\":\"BreadcrumbList\",\"@id\":\"https:\/\/fmc.org.ar\/donar-especies\/#breadcrumb\",\"itemListElement\":[{\"@type\":\"ListItem\",\"position\":1,\"name\":\"Portada\",\"item\":\"https:\/\/fmc.org.ar\/\"},{\"@type\":\"ListItem\",\"position\":2,\"name\":\"DONAR ESPECIES\"}]},{\"@type\":\"WebSite\",\"@id\":\"https:\/\/fmc.org.ar\/#website\",\"url\":\"https:\/\/fmc.org.ar\/\",\"name\":\"fmc\",\"description\":\"Tratamiento Integral del Ni\u00f1o Oncol\u00f3gico\",\"publisher\":{\"@id\":\"https:\/\/fmc.org.ar\/#organization\"},\"potentialAction\":[{\"@type\":\"SearchAction\",\"target\":{\"@type\":\"EntryPoint\",\"urlTemplate\":\"https:\/\/fmc.org.ar\/?s={search_term_string}\"},\"query-input\":{\"@type\":\"PropertyValueSpecification\",\"valueRequired\":true,\"valueName\":\"search_term_string\"}}],\"inLanguage\":\"en-US\"},{\"@type\":\"Organization\",\"@id\":\"https:\/\/fmc.org.ar\/#organization\",\"name\":\"fmc\",\"url\":\"https:\/\/fmc.org.ar\/\",\"logo\":{\"@type\":\"ImageObject\",\"inLanguage\":\"en-US\",\"@id\":\"https:\/\/fmc.org.ar\/#\/schema\/logo\/image\/\",\"url\":\"https:\/\/fmc.org.ar\/wp-content\/uploads\/2019\/08\/cropped-logo-05.png\",\"contentUrl\":\"https:\/\/fmc.org.ar\/wp-content\/uploads\/2019\/08\/cropped-logo-05.png\",\"width\":980,\"height\":980,\"caption\":\"fmc\"},\"image\":{\"@id\":\"https:\/\/fmc.org.ar\/#\/schema\/logo\/image\/\"}}]}<\/script>\n<!-- \/ Yoast SEO plugin. -->","yoast_head_json":{"title":"DONAR ESPECIES - fmc","robots":{"index":"index","follow":"follow","max-snippet":"max-snippet:-1","max-image-preview":"max-image-preview:large","max-video-preview":"max-video-preview:-1"},"canonical":"https:\/\/fmc.org.ar\/en\/donar-especies\/","og_locale":"en_US","og_type":"article","og_title":"DONAR ESPECIES - fmc","og_description":"[spb_gmaps size=&#8221;300&#8243; type=&#8221;roadmap&#8221; zoom=&#8221;18&#8243; map_controls=&#8221;yes&#8221; advanced_styling=&#8221;yes&#8221; color=&#8221;#2e3191&#8243; saturation=&#8221;mono-light&#8221; fullscreen=&#8221;yes&#8221; width=&#8221;1\/1&#8243; el_position=&#8221;first last&#8221;] [spb_map_pin pin_title=&#8221;LA CASITA &#8211; DONACIONES&#8221; address=&#8221;Diego Palma 602, B1642FJN San Isidro, Buenos Aires, Argentina&#8221; pin_latitude=&#8221;-34.4746094&#8243; pin_longitude=&#8221;-58.5263361&#8243; pin_image=&#8221;16714&#8243; pin_link=&#8221;https:\/\/maps.app.goo.gl\/6LXir8YHDAMyeXpJ7&#8243; pin_button_text=&#8221;DONACIONES&#8221; width=&#8221;1\/1&#8243; el_position=&#8221;first last&#8221;] Diego Palma 602, B1642 FJN, Provincia de Buenos Aires [\/spb_map_pin] [\/spb_gmaps] [spb_blank_spacer height=&#8221;30px&#8221; width=&#8221;1\/1&#8243; el_position=&#8221;first last&#8221;] [spb_row element_name=&#8221;Row&#8221; wrap_type=&#8221;full-width-contained&#8221; row_bg_type=&#8221;color&#8221; color_row_height=&#8221;content-height&#8221; bg_type=&#8221;cover&#8221; parallax_image_height=&#8221;content-height&#8221; parallax_image_movement=&#8221;scroll&#8221; parallax_image_speed=&#8221;slow&#8221; bg_video_loop=&#8221;yes&#8221; [&hellip;]","og_url":"https:\/\/fmc.org.ar\/en\/donar-especies\/","og_site_name":"fmc","article_modified_time":"2023-12-30T12:54:52+00:00","twitter_card":"summary_large_image","twitter_misc":{"Est. reading time":"3 minutes"},"schema":{"@context":"https:\/\/schema.org","@graph":[{"@type":"WebPage","@id":"https:\/\/fmc.org.ar\/donar-especies\/","url":"https:\/\/fmc.org.ar\/donar-especies\/","name":"DONAR ESPECIES - fmc","isPartOf":{"@id":"https:\/\/fmc.org.ar\/#website"},"datePublished":"2019-07-26T11:14:47+00:00","dateModified":"2023-12-30T12:54:52+00:00","breadcrumb":{"@id":"https:\/\/fmc.org.ar\/donar-especies\/#breadcrumb"},"inLanguage":"en-US","potentialAction":[{"@type":"ReadAction","target":["https:\/\/fmc.org.ar\/donar-especies\/"]}]},{"@type":"BreadcrumbList","@id":"https:\/\/fmc.org.ar\/donar-especies\/#breadcrumb","itemListElement":[{"@type":"ListItem","position":1,"name":"Portada","item":"https:\/\/fmc.org.ar\/"},{"@type":"ListItem","position":2,"name":"DONAR ESPECIES"}]},{"@type":"WebSite","@id":"https:\/\/fmc.org.ar\/#website","url":"https:\/\/fmc.org.ar\/","name":"fmc","description":"Comprehensive Treatment of Childhood Oncology","publisher":{"@id":"https:\/\/fmc.org.ar\/#organization"},"potentialAction":[{"@type":"SearchAction","target":{"@type":"EntryPoint","urlTemplate":"https:\/\/fmc.org.ar\/?s={search_term_string}"},"query-input":{"@type":"PropertyValueSpecification","valueRequired":true,"valueName":"search_term_string"}}],"inLanguage":"en-US"},{"@type":"Organization","@id":"https:\/\/fmc.org.ar\/#organization","name":"fmc","url":"https:\/\/fmc.org.ar\/","logo":{"@type":"ImageObject","inLanguage":"en-US","@id":"https:\/\/fmc.org.ar\/#\/schema\/logo\/image\/","url":"https:\/\/fmc.org.ar\/wp-content\/uploads\/2019\/08\/cropped-logo-05.png","contentUrl":"https:\/\/fmc.org.ar\/wp-content\/uploads\/2019\/08\/cropped-logo-05.png","width":980,"height":980,"caption":"fmc"},"image":{"@id":"https:\/\/fmc.org.ar\/#\/schema\/logo\/image\/"}}]}},"_links":{"self":[{"href":"https:\/\/fmc.org.ar\/en\/wp-json\/wp\/v2\/pages\/16131","targetHints":{"allow":["GET"]}}],"collection":[{"href":"https:\/\/fmc.org.ar\/en\/wp-json\/wp\/v2\/pages"}],"about":[{"href":"https:\/\/fmc.org.ar\/en\/wp-json\/wp\/v2\/types\/page"}],"author":[{"embeddable":true,"href":"https:\/\/fmc.org.ar\/en\/wp-json\/wp\/v2\/users\/1"}],"replies":[{"embeddable":true,"href":"https:\/\/fmc.org.ar\/en\/wp-json\/wp\/v2\/comments?post=16131"}],"version-history":[{"count":41,"href":"https:\/\/fmc.org.ar\/en\/wp-json\/wp\/v2\/pages\/16131\/revisions"}],"predecessor-version":[{"id":18996,"href":"https:\/\/fmc.org.ar\/en\/wp-json\/wp\/v2\/pages\/16131\/revisions\/18996"}],"wp:attachment":[{"href":"https:\/\/fmc.org.ar\/en\/wp-json\/wp\/v2\/media?parent=16131"}],"curies":[{"name":"wp","href":"https:\/\/api.w.org\/{rel}","templated":true}]}}