{"id":13659,"date":"2014-11-27T13:58:01","date_gmt":"2014-11-27T13:58:01","guid":{"rendered":"http:\/\/atelier.swiftideas.com\/?page_id=13659"},"modified":"2019-07-20T12:17:30","modified_gmt":"2019-07-20T10:17:30","slug":"f-a-q-s","status":"publish","type":"page","link":"https:\/\/fmc.org.ar\/en\/f-a-q-s\/","title":{"rendered":"FAQS"},"content":{"rendered":"[spb_row element_name=&#8221;Row&#8221; wrap_type=&#8221;content-width&#8221; parallax_image_height=&#8221;content-height&#8221; parallax_image_movement=&#8221;fixed&#8221; parallax_image_speed=&#8221;0.5&#8243; bg_video_loop=&#8221;yes&#8221; parallax_video_height=&#8221;window-height&#8221; parallax_video_overlay=&#8221;none&#8221; row_overlay_opacity=&#8221;0&#8243; row_col_pos=&#8221;default&#8221; width=&#8221;1\/1&#8243; el_position=&#8221;first last&#8221;] [spb_blank_spacer height=&#8221;30px&#8221; width=&#8221;1\/6&#8243; el_position=&#8221;first&#8221;] [spb_text_block animation=&#8221;none&#8221; animation_delay=&#8221;0&#8243; simplified_controls=&#8221;yes&#8221; custom_css_percentage=&#8221;no&#8221; padding_vertical=&#8221;0&#8243; padding_horizontal=&#8221;0&#8243; margin_vertical=&#8221;0&#8243; custom_css=&#8221;margin-top: 0px;margin-bottom: 0px;&#8221; border_size=&#8221;0&#8243; border_styling_global=&#8221;default&#8221; width=&#8221;2\/3&#8243; el_position=&#8221;last&#8221;]\n<h3><strong>The objective of the Mar\u00eda Cecilia Foundation is -as our mission expresses it-, <\/strong><\/h3>\n<h1><strong>\u201cHeal, relieve and accompany. Forever\".<\/strong><\/h1>\n<p>We know that dads have many needs and demands:<\/p>\n<ul>\n<li><strong>Emotional in nature: shock, anxiety, anger, sadness, disbelief, helplessness, difficulty sleeping.<\/strong> Informative: medical vocabulary, existence of new studies, need to learn places in the hospital, names of doctors, difficulties in explaining the disease to the rest of the family and friends.<\/li>\n<li><strong>Informative:<\/strong> medical vocabulary, existence of new studies, need to learn places in the hospital, names of doctors, difficulties in explaining the disease to the rest of the family and friends.<\/li>\n<li><strong>Of a practical nature:<\/strong> disorder and chaos at home, taking care of other children, economic pressures, lack of time, work pressures.<\/li>\n<li><strong>Social in nature:<\/strong> need to interact with new people (doctors and hospital staff, other parents, etc.), explain to friends, neighbors, school.<\/li>\n<li><strong>Of a spiritual nature:<\/strong> uncertainty about the future, uncertainty about God, faith, justice in the world.<\/li>\n<\/ul>\n[\/spb_text_block] [\/spb_row] [spb_row element_name=&#8221;Row&#8221; wrap_type=&#8221;content-width&#8221; parallax_image_height=&#8221;content-height&#8221; parallax_image_movement=&#8221;fixed&#8221; parallax_image_speed=&#8221;0.5&#8243; bg_video_loop=&#8221;yes&#8221; parallax_video_height=&#8221;window-height&#8221; parallax_video_overlay=&#8221;none&#8221; row_overlay_opacity=&#8221;0&#8243; row_col_pos=&#8221;default&#8221; width=&#8221;1\/1&#8243; el_position=&#8221;first last&#8221;] [spb_blank_spacer height=&#8221;30px&#8221; width=&#8221;1\/6&#8243; el_position=&#8221;first&#8221;] [spb_faqs title=&#8221;PREGUNTAS FRECUENTES SOBRE CANCER INFANTIL&#8221; category=&#8221;cancer-infantil&#8221; width=&#8221;3\/4&#8243; el_position=&#8221;last&#8221;] [\/spb_row] [spb_parallax parallax_type=&#8221;image&#8221; bg_image=&#8221;15930&#8243; bg_type=&#8221;cover&#8221; parallax_video_height=&#8221;content-height&#8221; parallax_video_overlay=&#8221;none&#8221; parallax_image_height=&#8221;content-height&#8221; parallax_image_movement=&#8221;fixed&#8221; parallax_image_speed=&#8221;standard&#8221; padding_horizontal=&#8221;15&#8243; width=&#8221;1\/1&#8243; el_position=&#8221;first last&#8221;]\n<h1 style=\"text-align: center;\">EMOTIONAL SUPPORT<\/h1>\n[\/spb_parallax] [spb_row element_name=&#8221;Row&#8221; wrap_type=&#8221;full-width-contained&#8221; row_bg_type=&#8221;color&#8221; color_row_height=&#8221;content-height&#8221; bg_type=&#8221;cover&#8221; parallax_image_height=&#8221;content-height&#8221; parallax_image_movement=&#8221;fixed&#8221; parallax_image_speed=&#8221;standard&#8221; bg_video_loop=&#8221;yes&#8221; parallax_video_height=&#8221;window-height&#8221; row_top_style=&#8221;none&#8221; row_bottom_style=&#8221;none&#8221; parallax_video_overlay=&#8221;none&#8221; row_overlay_opacity=&#8221;0&#8243; remove_element_spacing=&#8221;no&#8221; row_col_spacing=&#8221;0&#8243; row_col_pos=&#8221;default&#8221; row_col_equal_heights=&#8221;no&#8221; row_expanding=&#8221;no&#8221; row_animation=&#8221;none&#8221; row_animation_delay=&#8221;0&#8243; minimize_row=&#8221;yes&#8221; simplified_controls=&#8221;yes&#8221; custom_css_percentage=&#8221;no&#8221; padding_vertical=&#8221;0&#8243; padding_horizontal=&#8221;0&#8243; margin_vertical=&#8221;0&#8243; custom_css=&#8221;margin-top: 0px;margin-bottom: 0px;&#8221; border_size=&#8221;0&#8243; border_styling_global=&#8221;default&#8221; width=&#8221;1\/1&#8243; el_position=&#8221;first last&#8221;] [spb_blank_spacer height=&#8221;30px&#8221; width=&#8221;1\/1&#8243; el_position=&#8221;first last&#8221;] [spb_blank_spacer height=&#8221;30px&#8221; width=&#8221;1\/6&#8243; el_position=&#8221;first&#8221;] [spb_text_block animation=&#8221;none&#8221; animation_delay=&#8221;0&#8243; simplified_controls=&#8221;yes&#8221; custom_css_percentage=&#8221;no&#8221; padding_vertical=&#8221;0&#8243; padding_horizontal=&#8221;0&#8243; margin_vertical=&#8221;0&#8243; custom_css=&#8221;margin-top: 0px;margin-bottom: 0px;&#8221; border_size=&#8221;0&#8243; border_styling_global=&#8221;default&#8221; width=&#8221;1\/3&#8243;]\n<h1>ATTENTION TO FAMILIES<\/h1>\n<p>At the Mar\u00eda Cecilia Foundation, we closely accompany both the child in treatment and his family. We believe that it is extremely important to provide psychological support.<\/p>\n<p>We know the emotions that are aroused in the family context and the need to find support and empathy. Therefore, we offer to accompany them and provide our support to travel this path. We know that it is essential to have a place where parents can talk to each other, give each other support and have the opportunity to get to know each other and accept that they are not alone.<\/p>\n[\/spb_text_block] [spb_text_block animation=&#8221;none&#8221; animation_delay=&#8221;0&#8243; simplified_controls=&#8221;yes&#8221; custom_css_percentage=&#8221;no&#8221; padding_vertical=&#8221;0&#8243; padding_horizontal=&#8221;0&#8243; margin_vertical=&#8221;0&#8243; custom_css=&#8221;margin-top: 0px;margin-bottom: 0px;&#8221; border_size=&#8221;0&#8243; border_styling_global=&#8221;default&#8221; width=&#8221;1\/3&#8243; el_position=&#8221;last&#8221;]\n<blockquote class=\"blockquote2\">The greatest strength that Fundaci\u00f3n Mar\u00eda Cecilia can give them is the love of those who consolidate it to accompany them from different areas during and after their illness.<\/blockquote>\n[\/spb_text_block] [spb_blank_spacer height=&#8221;30px&#8221; width=&#8221;1\/1&#8243; el_position=&#8221;first last&#8221;] [\/spb_row] [spb_parallax parallax_type=&#8221;image&#8221; bg_image=&#8221;15930&#8243; bg_type=&#8221;cover&#8221; parallax_video_height=&#8221;content-height&#8221; parallax_video_overlay=&#8221;none&#8221; parallax_image_height=&#8221;content-height&#8221; parallax_image_movement=&#8221;fixed&#8221; parallax_image_speed=&#8221;standard&#8221; padding_horizontal=&#8221;15&#8243; width=&#8221;1\/1&#8243; el_position=&#8221;first last&#8221;]\n<h1 style=\"text-align: center;\">THE CHILD'S SCHOOLING<\/h1>\n[\/spb_parallax] [spb_row element_name=&#8221;Row&#8221; wrap_type=&#8221;full-width-contained&#8221; row_bg_type=&#8221;color&#8221; color_row_height=&#8221;content-height&#8221; bg_type=&#8221;cover&#8221; parallax_image_height=&#8221;content-height&#8221; parallax_image_movement=&#8221;fixed&#8221; parallax_image_speed=&#8221;standard&#8221; bg_video_loop=&#8221;yes&#8221; parallax_video_height=&#8221;window-height&#8221; row_top_style=&#8221;none&#8221; row_bottom_style=&#8221;none&#8221; parallax_video_overlay=&#8221;none&#8221; row_overlay_opacity=&#8221;0&#8243; remove_element_spacing=&#8221;no&#8221; row_col_spacing=&#8221;0&#8243; row_col_pos=&#8221;default&#8221; row_col_equal_heights=&#8221;no&#8221; row_expanding=&#8221;no&#8221; row_animation=&#8221;none&#8221; row_animation_delay=&#8221;0&#8243; minimize_row=&#8221;yes&#8221; simplified_controls=&#8221;yes&#8221; custom_css_percentage=&#8221;no&#8221; padding_vertical=&#8221;0&#8243; padding_horizontal=&#8221;0&#8243; margin_vertical=&#8221;0&#8243; custom_css=&#8221;margin-top: 0px;margin-bottom: 0px;&#8221; border_size=&#8221;0&#8243; border_styling_global=&#8221;default&#8221; width=&#8221;1\/1&#8243; el_position=&#8221;first last&#8221;] [spb_blank_spacer height=&#8221;30px&#8221; width=&#8221;1\/1&#8243; el_position=&#8221;first last&#8221;] [spb_blank_spacer height=&#8221;30px&#8221; width=&#8221;1\/6&#8243; el_position=&#8221;first&#8221;] [spb_text_block animation=&#8221;none&#8221; animation_delay=&#8221;0&#8243; simplified_controls=&#8221;yes&#8221; custom_css_percentage=&#8221;no&#8221; padding_vertical=&#8221;0&#8243; padding_horizontal=&#8221;0&#8243; margin_vertical=&#8221;0&#8243; custom_css=&#8221;margin-top: 0px;margin-bottom: 0px;&#8221; border_size=&#8221;0&#8243; border_styling_global=&#8221;default&#8221; width=&#8221;1\/3&#8243;]\n<p>The child undergoing cancer treatment is deprived of being able to maintain his usual customs, including the school environment. When the adult expects the child to continue with his school development, he is indirectly telling him that he has a future.<\/p>\n<h2>Attending school allows children to fulfill their potential and development, which is why returning to the classroom is a normalizing factor after hospitalization. Although there are tasks that the child is affected to interrupt, it is important to enhance those that he can continue. This allows your cognitive and social skills to continue to develop.<\/h2>\n<p>Going back to school allows him to stay connected to a normal life and reinforces his hope for a cure. Studies carried out in different countries show that those children who better readapted were those who had remained in contact with the teachers of the school of origin throughout the treatment; since the child's identity as a member of the group had been maintained.<\/p>\n<p>&nbsp;<\/p>\n[\/spb_text_block] [spb_text_block animation=&#8221;none&#8221; animation_delay=&#8221;0&#8243; simplified_controls=&#8221;yes&#8221; custom_css_percentage=&#8221;no&#8221; padding_vertical=&#8221;0&#8243; padding_horizontal=&#8221;0&#8243; margin_vertical=&#8221;0&#8243; custom_css=&#8221;margin-top: 0px;margin-bottom: 0px;&#8221; border_size=&#8221;0&#8243; border_styling_global=&#8221;default&#8221; width=&#8221;1\/3&#8243; el_position=&#8221;last&#8221;]\n<p>The child with cancer needs to be viewed in school primarily as a student, and not as a patient. The school provides a refuge where the child can be free from the cares and worries of the hospital. For this reason, it is recommended that parents, doctors and teachers improve awareness of the importance of continuing socialization with their peers during the treatment period.<\/p>\n<p>This allows limiting the consequences they may have upon reentering the school after treatment is completed. The entrance to school of children with cancer marks the return to activities typical of their age, a process full of changes and adjustments.<\/p>\n<blockquote><p>The pediatric oncologist plays a key role in providing instructions to the child, the family, other members of the health team and the school about this process.<\/p><\/blockquote>\n<p>In summary, the school continuity of the child with cancer is of the utmost importance, since it conveys a message of perspective in the future, and educational care as part of medical treatment allows them to develop their social and cognitive skills.<\/p>\n<p>&nbsp;<\/p>\n<h6><em>Texto &#8220;Reintegraci\u00f3n del ni\u00f1o con c\u00e1ncer en la escuela&#8221;, Sandra Flor P\u00e1ez Aguirre, Secci\u00f3n M\u00e9dica, Servicio Oncolog\u00eda Pedi\u00e1trica, Centro M\u00e9dico Nacional 20 de Noviembre, ISSSTE, M\u00e9xico D.F., M\u00e9xico. Publicado en la Gaceta Mexicana de Oncolog\u00eda de la Sociedad Mexicana de Oncolog\u00eda A.C. Diciembre 2015.<\/em><\/h6>\n[\/spb_text_block] [spb_blank_spacer height=&#8221;30px&#8221; width=&#8221;1\/1&#8243; el_position=&#8221;first last&#8221;] [\/spb_row] [spb_row element_name=&#8221;Row&#8221; wrap_type=&#8221;content-width&#8221; parallax_image_height=&#8221;content-height&#8221; parallax_image_movement=&#8221;fixed&#8221; parallax_image_speed=&#8221;0.5&#8243; bg_video_loop=&#8221;yes&#8221; parallax_video_height=&#8221;window-height&#8221; parallax_video_overlay=&#8221;none&#8221; row_overlay_opacity=&#8221;0&#8243; row_col_pos=&#8221;default&#8221; width=&#8221;1\/1&#8243; el_position=&#8221;first last&#8221;] [spb_blank_spacer height=&#8221;30px&#8221; width=&#8221;1\/6&#8243; el_position=&#8221;first&#8221;] [spb_text_block animation=&#8221;none&#8221; animation_delay=&#8221;0&#8243; simplified_controls=&#8221;yes&#8221; custom_css_percentage=&#8221;no&#8221; padding_vertical=&#8221;0&#8243; padding_horizontal=&#8221;0&#8243; margin_vertical=&#8221;0&#8243; custom_css=&#8221;margin-top: 0px;margin-bottom: 0px;&#8221; border_size=&#8221;0&#8243; border_styling_global=&#8221;default&#8221; width=&#8221;2\/3&#8243; el_position=&#8221;last&#8221;]\n<h1>BEING COMMUNICATED Why is it so important?<\/h1>\n<ul>\n<li>So that they can find all the pertinent information to the activities and projects of the foundation.<\/li>\n<li>So that those of us who believe in what we do can get to know us every day.<\/li>\n<li>So that they can find a place of containment, through the professional excellence of our medical team.<\/li>\n<li>So they don't feel lonely or hopeless.<\/li>\n<\/ul>\n[\/spb_text_block] [\/spb_row]","protected":false},"excerpt":{"rendered":"<p>[spb_row element_name=&#8221;Row&#8221; wrap_type=&#8221;content-width&#8221; parallax_image_height=&#8221;content-height&#8221; parallax_image_movement=&#8221;fixed&#8221; parallax_image_speed=&#8221;0.5&#8243; bg_video_loop=&#8221;yes&#8221; parallax_video_height=&#8221;window-height&#8221; parallax_video_overlay=&#8221;none&#8221; row_overlay_opacity=&#8221;0&#8243; row_col_pos=&#8221;default&#8221; width=&#8221;1\/1&#8243; el_position=&#8221;first last&#8221;] [spb_blank_spacer height=&#8221;30px&#8221; width=&#8221;1\/6&#8243; el_position=&#8221;first&#8221;] [spb_text_block animation=&#8221;none&#8221; animation_delay=&#8221;0&#8243; simplified_controls=&#8221;yes&#8221; custom_css_percentage=&#8221;no&#8221; padding_vertical=&#8221;0&#8243; padding_horizontal=&#8221;0&#8243; margin_vertical=&#8221;0&#8243; custom_css=&#8221;margin-top: 0px;margin-bottom: 0px;&#8221; border_size=&#8221;0&#8243; border_styling_global=&#8221;default&#8221; width=&#8221;2\/3&#8243; el_position=&#8221;last&#8221;] El objetivo de la Fundaci\u00f3n Mar\u00eda Cecilia es -tal como lo expresa nuestra misi\u00f3n-, &#8220;Curar, aliviar y acompa\u00f1ar. Siempre&#8221;. Sabemos que los pap\u00e1s tienen muchas necesidades y [&hellip;]<\/p>","protected":false},"author":1,"featured_media":0,"parent":0,"menu_order":0,"comment_status":"open","ping_status":"open","template":"","meta":{"footnotes":""},"class_list":["post-13659","page","type-page","status-publish","hentry"],"yoast_head":"<!-- This site is optimized with the Yoast SEO plugin v26.4 - https:\/\/yoast.com\/wordpress\/plugins\/seo\/ -->\n<title>INFO \u00daTIL - fmc<\/title>\n<meta name=\"robots\" content=\"index, follow, max-snippet:-1, max-image-preview:large, max-video-preview:-1\" \/>\n<link rel=\"canonical\" href=\"https:\/\/fmc.org.ar\/en\/f-a-q-s\/\" \/>\n<meta property=\"og:locale\" content=\"en_US\" \/>\n<meta property=\"og:type\" content=\"article\" \/>\n<meta property=\"og:title\" content=\"INFO \u00daTIL - fmc\" \/>\n<meta property=\"og:description\" content=\"[spb_row element_name=&#8221;Row&#8221; wrap_type=&#8221;content-width&#8221; parallax_image_height=&#8221;content-height&#8221; parallax_image_movement=&#8221;fixed&#8221; parallax_image_speed=&#8221;0.5&#8243; bg_video_loop=&#8221;yes&#8221; parallax_video_height=&#8221;window-height&#8221; parallax_video_overlay=&#8221;none&#8221; row_overlay_opacity=&#8221;0&#8243; row_col_pos=&#8221;default&#8221; width=&#8221;1\/1&#8243; el_position=&#8221;first last&#8221;] [spb_blank_spacer height=&#8221;30px&#8221; width=&#8221;1\/6&#8243; el_position=&#8221;first&#8221;] [spb_text_block animation=&#8221;none&#8221; animation_delay=&#8221;0&#8243; simplified_controls=&#8221;yes&#8221; custom_css_percentage=&#8221;no&#8221; padding_vertical=&#8221;0&#8243; padding_horizontal=&#8221;0&#8243; margin_vertical=&#8221;0&#8243; custom_css=&#8221;margin-top: 0px;margin-bottom: 0px;&#8221; border_size=&#8221;0&#8243; border_styling_global=&#8221;default&#8221; width=&#8221;2\/3&#8243; el_position=&#8221;last&#8221;] El objetivo de la Fundaci\u00f3n Mar\u00eda Cecilia es -tal como lo expresa nuestra misi\u00f3n-, &#8220;Curar, aliviar y acompa\u00f1ar. Siempre&#8221;. Sabemos que los pap\u00e1s tienen muchas necesidades y [&hellip;]\" \/>\n<meta property=\"og:url\" content=\"https:\/\/fmc.org.ar\/en\/f-a-q-s\/\" \/>\n<meta property=\"og:site_name\" content=\"fmc\" \/>\n<meta property=\"article:modified_time\" content=\"2019-07-20T10:17:30+00:00\" \/>\n<meta name=\"twitter:card\" content=\"summary_large_image\" \/>\n<meta name=\"twitter:label1\" content=\"Est. reading time\" \/>\n\t<meta name=\"twitter:data1\" content=\"8 minutes\" \/>\n<script type=\"application\/ld+json\" class=\"yoast-schema-graph\">{\"@context\":\"https:\/\/schema.org\",\"@graph\":[{\"@type\":\"WebPage\",\"@id\":\"https:\/\/fmc.org.ar\/en\/f-a-q-s\/\",\"url\":\"https:\/\/fmc.org.ar\/en\/f-a-q-s\/\",\"name\":\"INFO \u00daTIL - fmc\",\"isPartOf\":{\"@id\":\"https:\/\/fmc.org.ar\/#website\"},\"datePublished\":\"2014-11-27T13:58:01+00:00\",\"dateModified\":\"2019-07-20T10:17:30+00:00\",\"breadcrumb\":{\"@id\":\"https:\/\/fmc.org.ar\/en\/f-a-q-s\/#breadcrumb\"},\"inLanguage\":\"en-US\",\"potentialAction\":[{\"@type\":\"ReadAction\",\"target\":[\"https:\/\/fmc.org.ar\/en\/f-a-q-s\/\"]}]},{\"@type\":\"BreadcrumbList\",\"@id\":\"https:\/\/fmc.org.ar\/en\/f-a-q-s\/#breadcrumb\",\"itemListElement\":[{\"@type\":\"ListItem\",\"position\":1,\"name\":\"Portada\",\"item\":\"https:\/\/fmc.org.ar\/\"},{\"@type\":\"ListItem\",\"position\":2,\"name\":\"INFO \u00daTIL\"}]},{\"@type\":\"WebSite\",\"@id\":\"https:\/\/fmc.org.ar\/#website\",\"url\":\"https:\/\/fmc.org.ar\/\",\"name\":\"fmc\",\"description\":\"Tratamiento Integral del Ni\u00f1o Oncol\u00f3gico\",\"publisher\":{\"@id\":\"https:\/\/fmc.org.ar\/#organization\"},\"potentialAction\":[{\"@type\":\"SearchAction\",\"target\":{\"@type\":\"EntryPoint\",\"urlTemplate\":\"https:\/\/fmc.org.ar\/?s={search_term_string}\"},\"query-input\":{\"@type\":\"PropertyValueSpecification\",\"valueRequired\":true,\"valueName\":\"search_term_string\"}}],\"inLanguage\":\"en-US\"},{\"@type\":\"Organization\",\"@id\":\"https:\/\/fmc.org.ar\/#organization\",\"name\":\"fmc\",\"url\":\"https:\/\/fmc.org.ar\/\",\"logo\":{\"@type\":\"ImageObject\",\"inLanguage\":\"en-US\",\"@id\":\"https:\/\/fmc.org.ar\/#\/schema\/logo\/image\/\",\"url\":\"https:\/\/fmc.org.ar\/wp-content\/uploads\/2019\/08\/cropped-logo-05.png\",\"contentUrl\":\"https:\/\/fmc.org.ar\/wp-content\/uploads\/2019\/08\/cropped-logo-05.png\",\"width\":980,\"height\":980,\"caption\":\"fmc\"},\"image\":{\"@id\":\"https:\/\/fmc.org.ar\/#\/schema\/logo\/image\/\"}}]}<\/script>\n<!-- \/ Yoast SEO plugin. -->","yoast_head_json":{"title":"INFO \u00daTIL - fmc","robots":{"index":"index","follow":"follow","max-snippet":"max-snippet:-1","max-image-preview":"max-image-preview:large","max-video-preview":"max-video-preview:-1"},"canonical":"https:\/\/fmc.org.ar\/en\/f-a-q-s\/","og_locale":"en_US","og_type":"article","og_title":"INFO \u00daTIL - fmc","og_description":"[spb_row element_name=&#8221;Row&#8221; wrap_type=&#8221;content-width&#8221; parallax_image_height=&#8221;content-height&#8221; parallax_image_movement=&#8221;fixed&#8221; parallax_image_speed=&#8221;0.5&#8243; bg_video_loop=&#8221;yes&#8221; parallax_video_height=&#8221;window-height&#8221; parallax_video_overlay=&#8221;none&#8221; row_overlay_opacity=&#8221;0&#8243; row_col_pos=&#8221;default&#8221; width=&#8221;1\/1&#8243; el_position=&#8221;first last&#8221;] [spb_blank_spacer height=&#8221;30px&#8221; width=&#8221;1\/6&#8243; el_position=&#8221;first&#8221;] [spb_text_block animation=&#8221;none&#8221; animation_delay=&#8221;0&#8243; simplified_controls=&#8221;yes&#8221; custom_css_percentage=&#8221;no&#8221; padding_vertical=&#8221;0&#8243; padding_horizontal=&#8221;0&#8243; margin_vertical=&#8221;0&#8243; custom_css=&#8221;margin-top: 0px;margin-bottom: 0px;&#8221; border_size=&#8221;0&#8243; border_styling_global=&#8221;default&#8221; width=&#8221;2\/3&#8243; el_position=&#8221;last&#8221;] El objetivo de la Fundaci\u00f3n Mar\u00eda Cecilia es -tal como lo expresa nuestra misi\u00f3n-, &#8220;Curar, aliviar y acompa\u00f1ar. Siempre&#8221;. Sabemos que los pap\u00e1s tienen muchas necesidades y [&hellip;]","og_url":"https:\/\/fmc.org.ar\/en\/f-a-q-s\/","og_site_name":"fmc","article_modified_time":"2019-07-20T10:17:30+00:00","twitter_card":"summary_large_image","twitter_misc":{"Est. reading time":"8 minutes"},"schema":{"@context":"https:\/\/schema.org","@graph":[{"@type":"WebPage","@id":"https:\/\/fmc.org.ar\/en\/f-a-q-s\/","url":"https:\/\/fmc.org.ar\/en\/f-a-q-s\/","name":"INFO \u00daTIL - fmc","isPartOf":{"@id":"https:\/\/fmc.org.ar\/#website"},"datePublished":"2014-11-27T13:58:01+00:00","dateModified":"2019-07-20T10:17:30+00:00","breadcrumb":{"@id":"https:\/\/fmc.org.ar\/en\/f-a-q-s\/#breadcrumb"},"inLanguage":"en-US","potentialAction":[{"@type":"ReadAction","target":["https:\/\/fmc.org.ar\/en\/f-a-q-s\/"]}]},{"@type":"BreadcrumbList","@id":"https:\/\/fmc.org.ar\/en\/f-a-q-s\/#breadcrumb","itemListElement":[{"@type":"ListItem","position":1,"name":"Portada","item":"https:\/\/fmc.org.ar\/"},{"@type":"ListItem","position":2,"name":"INFO \u00daTIL"}]},{"@type":"WebSite","@id":"https:\/\/fmc.org.ar\/#website","url":"https:\/\/fmc.org.ar\/","name":"fmc","description":"Comprehensive Treatment of Childhood Oncology","publisher":{"@id":"https:\/\/fmc.org.ar\/#organization"},"potentialAction":[{"@type":"SearchAction","target":{"@type":"EntryPoint","urlTemplate":"https:\/\/fmc.org.ar\/?s={search_term_string}"},"query-input":{"@type":"PropertyValueSpecification","valueRequired":true,"valueName":"search_term_string"}}],"inLanguage":"en-US"},{"@type":"Organization","@id":"https:\/\/fmc.org.ar\/#organization","name":"fmc","url":"https:\/\/fmc.org.ar\/","logo":{"@type":"ImageObject","inLanguage":"en-US","@id":"https:\/\/fmc.org.ar\/#\/schema\/logo\/image\/","url":"https:\/\/fmc.org.ar\/wp-content\/uploads\/2019\/08\/cropped-logo-05.png","contentUrl":"https:\/\/fmc.org.ar\/wp-content\/uploads\/2019\/08\/cropped-logo-05.png","width":980,"height":980,"caption":"fmc"},"image":{"@id":"https:\/\/fmc.org.ar\/#\/schema\/logo\/image\/"}}]}},"_links":{"self":[{"href":"https:\/\/fmc.org.ar\/en\/wp-json\/wp\/v2\/pages\/13659","targetHints":{"allow":["GET"]}}],"collection":[{"href":"https:\/\/fmc.org.ar\/en\/wp-json\/wp\/v2\/pages"}],"about":[{"href":"https:\/\/fmc.org.ar\/en\/wp-json\/wp\/v2\/types\/page"}],"author":[{"embeddable":true,"href":"https:\/\/fmc.org.ar\/en\/wp-json\/wp\/v2\/users\/1"}],"replies":[{"embeddable":true,"href":"https:\/\/fmc.org.ar\/en\/wp-json\/wp\/v2\/comments?post=13659"}],"version-history":[{"count":14,"href":"https:\/\/fmc.org.ar\/en\/wp-json\/wp\/v2\/pages\/13659\/revisions"}],"predecessor-version":[{"id":15965,"href":"https:\/\/fmc.org.ar\/en\/wp-json\/wp\/v2\/pages\/13659\/revisions\/15965"}],"wp:attachment":[{"href":"https:\/\/fmc.org.ar\/en\/wp-json\/wp\/v2\/media?parent=13659"}],"curies":[{"name":"wp","href":"https:\/\/api.w.org\/{rel}","templated":true}]}}