{"id":11134,"date":"2014-04-04T16:58:22","date_gmt":"2014-04-04T16:58:22","guid":{"rendered":"http:\/\/cardinal.swiftideas.com\/agency-demo-two\/?page_id=11134"},"modified":"2020-01-20T16:42:49","modified_gmt":"2020-01-20T15:42:49","slug":"acciones","status":"publish","type":"page","link":"https:\/\/fmc.org.ar\/en\/acciones\/","title":{"rendered":"Acciones FMC"},"content":{"rendered":"[spb_blank_spacer height=&#8221;30px&#8221; width=&#8221;1\/1&#8243; el_position=&#8221;first last&#8221;] [spb_text_block animation=&#8221;bounceInRight&#8221; animation_delay=&#8221;400&#8243; simplified_controls=&#8221;yes&#8221; custom_css_percentage=&#8221;no&#8221; padding_vertical=&#8221;0&#8243; padding_horizontal=&#8221;0&#8243; margin_vertical=&#8221;0&#8243; custom_css=&#8221;margin-top: 0px;margin-bottom: 0px;&#8221; border_size=&#8221;0&#8243; border_styling_global=&#8221;default&#8221; width=&#8221;1\/1&#8243; el_position=&#8221;first last&#8221;]\n<h1 style=\"text-align: center;\"><u>We are in constant motion.<br \/>\nAnd these are our next goals to meet:<\/u><\/h1>\n[\/spb_text_block] [spb_icon_box_grid columns=&#8221;4&#8243; colour_style=&#8221;dark&#8221; width=&#8221;1\/1&#8243; el_position=&#8221;first last&#8221;]\n[spb_icon_box_grid_element title=&#8221;Creaci\u00f3n de un Hospital de d\u00eda Oncol\u00f3gico&#8221; target=&#8221;&#8221; link=&#8221;&#8221; icon=&#8221;svg-icon-picker-item ui-color-1_home-minimal&#8221;][\/spb_icon_box_grid_element][spb_icon_box_grid_element title=&#8221;Adquisici\u00f3n de la Casa FMC &#8221; target=&#8221;&#8221; link=&#8221;&#8221; icon=&#8221;svg-icon-picker-item ui-color-1_home-52&#8243;][\/spb_icon_box_grid_element][spb_icon_box_grid_element title=&#8221;Replicar nuestra forma de trabajo a donde sea necesario.&#8221; target=&#8221;&#8221; link=&#8221;&#8221; icon=&#8221;svg-icon-picker-item objects-color_globe&#8221;][\/spb_icon_box_grid_element][spb_icon_box_grid_element title=&#8221;Ampliar nuestra atenci\u00f3n m\u00e9dica a adolescentes mayores de 16 a\u00f1os&#8221; target=&#8221;&#8221; link=&#8221;&#8221; icon=&#8221;svg-icon-picker-item gestures-color_pinch&#8221;][\/spb_icon_box_grid_element]\n[\/spb_icon_box_grid] [spb_blank_spacer height=&#8221;30px&#8221; width=&#8221;1\/1&#8243; el_position=&#8221;first last&#8221;] [spb_text_block animation=&#8221;fadeInDown&#8221; animation_delay=&#8221;1000&#8243; simplified_controls=&#8221;yes&#8221; custom_css_percentage=&#8221;no&#8221; padding_vertical=&#8221;0&#8243; padding_horizontal=&#8221;0&#8243; margin_vertical=&#8221;0&#8243; custom_css=&#8221;margin-top: 0px;margin-bottom: 0px;&#8221; border_size=&#8221;0&#8243; border_styling_global=&#8221;default&#8221; width=&#8221;1\/1&#8243; el_position=&#8221;first last&#8221;]\n<h1 style=\"text-align: center;\"><u>Lo lograremos con vos, participando de nuestras acciones:<\/u><\/h1>\n[\/spb_text_block] [spb_blank_spacer height=&#8221;30px&#8221; width=&#8221;1\/1&#8243; el_position=&#8221;first last&#8221;] [spb_blog blog_type=&#8221;masonry&#8221; gutters=&#8221;yes&#8221; columns=&#8221;4&#8243; fullwidth=&#8221;no&#8221; item_count=&#8221;30&#8243; category=&#8221;campanas, eventos, prensa&#8221; offset=&#8221;0&#8243; order_by=&#8221;date&#8221; order=&#8221;DESC&#8221; show_title=&#8221;yes&#8221; show_excerpt=&#8221;no&#8221; show_details=&#8221;no&#8221; excerpt_length=&#8221;50&#8243; content_output=&#8221;excerpt&#8221; show_read_more=&#8221;yes&#8221; social_integration=&#8221;no&#8221; twitter_username=&#8221;swiftideas&#8221; blog_filter=&#8221;no&#8221; basic_blog_filter=&#8221;no&#8221; pagination=&#8221;infinite-scroll&#8221; width=&#8221;1\/1&#8243; el_position=&#8221;first last&#8221;]","protected":false},"excerpt":{"rendered":"<p>[spb_blank_spacer height=&#8221;30px&#8221; width=&#8221;1\/1&#8243; el_position=&#8221;first last&#8221;] [spb_text_block animation=&#8221;bounceInRight&#8221; animation_delay=&#8221;400&#8243; simplified_controls=&#8221;yes&#8221; custom_css_percentage=&#8221;no&#8221; padding_vertical=&#8221;0&#8243; padding_horizontal=&#8221;0&#8243; margin_vertical=&#8221;0&#8243; custom_css=&#8221;margin-top: 0px;margin-bottom: 0px;&#8221; border_size=&#8221;0&#8243; border_styling_global=&#8221;default&#8221; width=&#8221;1\/1&#8243; el_position=&#8221;first last&#8221;] Estamos en constante movimiento. Y estos son nuestros pr\u00f3ximos objetivos por cumplir: [\/spb_text_block] [spb_icon_box_grid columns=&#8221;4&#8243; colour_style=&#8221;dark&#8221; width=&#8221;1\/1&#8243; el_position=&#8221;first last&#8221;] [spb_icon_box_grid_element title=&#8221;Creaci\u00f3n de un Hospital de d\u00eda Oncol\u00f3gico&#8221; target=&#8221;&#8221; link=&#8221;&#8221; icon=&#8221;svg-icon-picker-item ui-color-1_home-minimal&#8221;][\/spb_icon_box_grid_element][spb_icon_box_grid_element title=&#8221;Adquisici\u00f3n de la Casa FMC &#8221; target=&#8221;&#8221; link=&#8221;&#8221; [&hellip;]<\/p>","protected":false},"author":1,"featured_media":0,"parent":0,"menu_order":0,"comment_status":"open","ping_status":"closed","template":"","meta":{"footnotes":""},"class_list":["post-11134","page","type-page","status-publish","hentry"],"yoast_head":"<!-- This site is optimized with the Yoast SEO plugin v26.4 - https:\/\/yoast.com\/wordpress\/plugins\/seo\/ -->\n<title>Acciones FMC - fmc<\/title>\n<meta name=\"robots\" content=\"index, follow, max-snippet:-1, max-image-preview:large, max-video-preview:-1\" \/>\n<link rel=\"canonical\" href=\"https:\/\/fmc.org.ar\/en\/acciones\/\" \/>\n<meta property=\"og:locale\" content=\"en_US\" \/>\n<meta property=\"og:type\" content=\"article\" \/>\n<meta property=\"og:title\" content=\"Acciones FMC - fmc\" \/>\n<meta property=\"og:description\" content=\"[spb_blank_spacer height=&#8221;30px&#8221; width=&#8221;1\/1&#8243; el_position=&#8221;first last&#8221;] [spb_text_block animation=&#8221;bounceInRight&#8221; animation_delay=&#8221;400&#8243; simplified_controls=&#8221;yes&#8221; custom_css_percentage=&#8221;no&#8221; padding_vertical=&#8221;0&#8243; padding_horizontal=&#8221;0&#8243; margin_vertical=&#8221;0&#8243; custom_css=&#8221;margin-top: 0px;margin-bottom: 0px;&#8221; border_size=&#8221;0&#8243; border_styling_global=&#8221;default&#8221; width=&#8221;1\/1&#8243; el_position=&#8221;first last&#8221;] Estamos en constante movimiento. Y estos son nuestros pr\u00f3ximos objetivos por cumplir: [\/spb_text_block] [spb_icon_box_grid columns=&#8221;4&#8243; colour_style=&#8221;dark&#8221; width=&#8221;1\/1&#8243; el_position=&#8221;first last&#8221;] [spb_icon_box_grid_element title=&#8221;Creaci\u00f3n de un Hospital de d\u00eda Oncol\u00f3gico&#8221; target=&#8221;&#8221; link=&#8221;&#8221; icon=&#8221;svg-icon-picker-item ui-color-1_home-minimal&#8221;][\/spb_icon_box_grid_element][spb_icon_box_grid_element title=&#8221;Adquisici\u00f3n de la Casa FMC &#8221; target=&#8221;&#8221; link=&#8221;&#8221; [&hellip;]\" \/>\n<meta property=\"og:url\" content=\"https:\/\/fmc.org.ar\/en\/acciones\/\" \/>\n<meta property=\"og:site_name\" content=\"fmc\" \/>\n<meta property=\"article:modified_time\" content=\"2020-01-20T15:42:49+00:00\" \/>\n<meta name=\"twitter:card\" content=\"summary_large_image\" \/>\n<meta name=\"twitter:label1\" content=\"Est. reading time\" \/>\n\t<meta name=\"twitter:data1\" content=\"1 minute\" \/>\n<script type=\"application\/ld+json\" class=\"yoast-schema-graph\">{\"@context\":\"https:\/\/schema.org\",\"@graph\":[{\"@type\":\"WebPage\",\"@id\":\"https:\/\/fmc.org.ar\/acciones\/\",\"url\":\"https:\/\/fmc.org.ar\/acciones\/\",\"name\":\"Acciones FMC - fmc\",\"isPartOf\":{\"@id\":\"https:\/\/fmc.org.ar\/#website\"},\"datePublished\":\"2014-04-04T16:58:22+00:00\",\"dateModified\":\"2020-01-20T15:42:49+00:00\",\"breadcrumb\":{\"@id\":\"https:\/\/fmc.org.ar\/acciones\/#breadcrumb\"},\"inLanguage\":\"en-US\",\"potentialAction\":[{\"@type\":\"ReadAction\",\"target\":[\"https:\/\/fmc.org.ar\/acciones\/\"]}]},{\"@type\":\"BreadcrumbList\",\"@id\":\"https:\/\/fmc.org.ar\/acciones\/#breadcrumb\",\"itemListElement\":[{\"@type\":\"ListItem\",\"position\":1,\"name\":\"Portada\",\"item\":\"https:\/\/fmc.org.ar\/\"},{\"@type\":\"ListItem\",\"position\":2,\"name\":\"Acciones FMC\"}]},{\"@type\":\"WebSite\",\"@id\":\"https:\/\/fmc.org.ar\/#website\",\"url\":\"https:\/\/fmc.org.ar\/\",\"name\":\"fmc\",\"description\":\"Tratamiento Integral del Ni\u00f1o Oncol\u00f3gico\",\"publisher\":{\"@id\":\"https:\/\/fmc.org.ar\/#organization\"},\"potentialAction\":[{\"@type\":\"SearchAction\",\"target\":{\"@type\":\"EntryPoint\",\"urlTemplate\":\"https:\/\/fmc.org.ar\/?s={search_term_string}\"},\"query-input\":{\"@type\":\"PropertyValueSpecification\",\"valueRequired\":true,\"valueName\":\"search_term_string\"}}],\"inLanguage\":\"en-US\"},{\"@type\":\"Organization\",\"@id\":\"https:\/\/fmc.org.ar\/#organization\",\"name\":\"fmc\",\"url\":\"https:\/\/fmc.org.ar\/\",\"logo\":{\"@type\":\"ImageObject\",\"inLanguage\":\"en-US\",\"@id\":\"https:\/\/fmc.org.ar\/#\/schema\/logo\/image\/\",\"url\":\"https:\/\/fmc.org.ar\/wp-content\/uploads\/2019\/08\/cropped-logo-05.png\",\"contentUrl\":\"https:\/\/fmc.org.ar\/wp-content\/uploads\/2019\/08\/cropped-logo-05.png\",\"width\":980,\"height\":980,\"caption\":\"fmc\"},\"image\":{\"@id\":\"https:\/\/fmc.org.ar\/#\/schema\/logo\/image\/\"}}]}<\/script>\n<!-- \/ Yoast SEO plugin. -->","yoast_head_json":{"title":"Acciones FMC - fmc","robots":{"index":"index","follow":"follow","max-snippet":"max-snippet:-1","max-image-preview":"max-image-preview:large","max-video-preview":"max-video-preview:-1"},"canonical":"https:\/\/fmc.org.ar\/en\/acciones\/","og_locale":"en_US","og_type":"article","og_title":"Acciones FMC - fmc","og_description":"[spb_blank_spacer height=&#8221;30px&#8221; width=&#8221;1\/1&#8243; el_position=&#8221;first last&#8221;] [spb_text_block animation=&#8221;bounceInRight&#8221; animation_delay=&#8221;400&#8243; simplified_controls=&#8221;yes&#8221; custom_css_percentage=&#8221;no&#8221; padding_vertical=&#8221;0&#8243; padding_horizontal=&#8221;0&#8243; margin_vertical=&#8221;0&#8243; custom_css=&#8221;margin-top: 0px;margin-bottom: 0px;&#8221; border_size=&#8221;0&#8243; border_styling_global=&#8221;default&#8221; width=&#8221;1\/1&#8243; el_position=&#8221;first last&#8221;] Estamos en constante movimiento. Y estos son nuestros pr\u00f3ximos objetivos por cumplir: [\/spb_text_block] [spb_icon_box_grid columns=&#8221;4&#8243; colour_style=&#8221;dark&#8221; width=&#8221;1\/1&#8243; el_position=&#8221;first last&#8221;] [spb_icon_box_grid_element title=&#8221;Creaci\u00f3n de un Hospital de d\u00eda Oncol\u00f3gico&#8221; target=&#8221;&#8221; link=&#8221;&#8221; icon=&#8221;svg-icon-picker-item ui-color-1_home-minimal&#8221;][\/spb_icon_box_grid_element][spb_icon_box_grid_element title=&#8221;Adquisici\u00f3n de la Casa FMC &#8221; target=&#8221;&#8221; link=&#8221;&#8221; [&hellip;]","og_url":"https:\/\/fmc.org.ar\/en\/acciones\/","og_site_name":"fmc","article_modified_time":"2020-01-20T15:42:49+00:00","twitter_card":"summary_large_image","twitter_misc":{"Est. reading time":"1 minute"},"schema":{"@context":"https:\/\/schema.org","@graph":[{"@type":"WebPage","@id":"https:\/\/fmc.org.ar\/acciones\/","url":"https:\/\/fmc.org.ar\/acciones\/","name":"Acciones FMC - fmc","isPartOf":{"@id":"https:\/\/fmc.org.ar\/#website"},"datePublished":"2014-04-04T16:58:22+00:00","dateModified":"2020-01-20T15:42:49+00:00","breadcrumb":{"@id":"https:\/\/fmc.org.ar\/acciones\/#breadcrumb"},"inLanguage":"en-US","potentialAction":[{"@type":"ReadAction","target":["https:\/\/fmc.org.ar\/acciones\/"]}]},{"@type":"BreadcrumbList","@id":"https:\/\/fmc.org.ar\/acciones\/#breadcrumb","itemListElement":[{"@type":"ListItem","position":1,"name":"Portada","item":"https:\/\/fmc.org.ar\/"},{"@type":"ListItem","position":2,"name":"Acciones FMC"}]},{"@type":"WebSite","@id":"https:\/\/fmc.org.ar\/#website","url":"https:\/\/fmc.org.ar\/","name":"fmc","description":"Comprehensive Treatment of Childhood Oncology","publisher":{"@id":"https:\/\/fmc.org.ar\/#organization"},"potentialAction":[{"@type":"SearchAction","target":{"@type":"EntryPoint","urlTemplate":"https:\/\/fmc.org.ar\/?s={search_term_string}"},"query-input":{"@type":"PropertyValueSpecification","valueRequired":true,"valueName":"search_term_string"}}],"inLanguage":"en-US"},{"@type":"Organization","@id":"https:\/\/fmc.org.ar\/#organization","name":"fmc","url":"https:\/\/fmc.org.ar\/","logo":{"@type":"ImageObject","inLanguage":"en-US","@id":"https:\/\/fmc.org.ar\/#\/schema\/logo\/image\/","url":"https:\/\/fmc.org.ar\/wp-content\/uploads\/2019\/08\/cropped-logo-05.png","contentUrl":"https:\/\/fmc.org.ar\/wp-content\/uploads\/2019\/08\/cropped-logo-05.png","width":980,"height":980,"caption":"fmc"},"image":{"@id":"https:\/\/fmc.org.ar\/#\/schema\/logo\/image\/"}}]}},"_links":{"self":[{"href":"https:\/\/fmc.org.ar\/en\/wp-json\/wp\/v2\/pages\/11134","targetHints":{"allow":["GET"]}}],"collection":[{"href":"https:\/\/fmc.org.ar\/en\/wp-json\/wp\/v2\/pages"}],"about":[{"href":"https:\/\/fmc.org.ar\/en\/wp-json\/wp\/v2\/types\/page"}],"author":[{"embeddable":true,"href":"https:\/\/fmc.org.ar\/en\/wp-json\/wp\/v2\/users\/1"}],"replies":[{"embeddable":true,"href":"https:\/\/fmc.org.ar\/en\/wp-json\/wp\/v2\/comments?post=11134"}],"version-history":[{"count":12,"href":"https:\/\/fmc.org.ar\/en\/wp-json\/wp\/v2\/pages\/11134\/revisions"}],"predecessor-version":[{"id":17675,"href":"https:\/\/fmc.org.ar\/en\/wp-json\/wp\/v2\/pages\/11134\/revisions\/17675"}],"wp:attachment":[{"href":"https:\/\/fmc.org.ar\/en\/wp-json\/wp\/v2\/media?parent=11134"}],"curies":[{"name":"wp","href":"https:\/\/api.w.org\/{rel}","templated":true}]}}